{"id":187,"date":"2016-08-11T11:05:36","date_gmt":"2016-08-11T11:05:36","guid":{"rendered":"https:\/\/spaholding.eu\/en\/?page_id=187"},"modified":"2016-08-11T11:05:36","modified_gmt":"2016-08-11T11:05:36","slug":"spa-hungary-holding-ltd-experience-world-advanced-level","status":"publish","type":"page","link":"https:\/\/spaholding.eu\/en\/","title":{"rendered":"Spa Hungary Holding Ltd. \u2013 Experience-world on the advanced level"},"content":{"rendered":"<p>A Spa Hungary Holding Zrt. \u00e9s a hozz\u00e1 tartoz\u00f3 c\u00e9gcsoport tagjainak szolg\u00e1ltat\u00e1sa kiv\u00e9teles \u00e9s egyed\u00fcl\u00e1ll\u00f3 Magyarorsz\u00e1gon.<\/p>\n<p>Alap\u00edt\u00f3 tulajdonosa Kovacsics Imre, orsz\u00e1gosan elismert szaktekint\u00e9ly a turizmus gy\u00f3gy, wellness \u00e9s \u00e9lm\u00e9ny szolg\u00e1ltat\u00e1sainak fejleszt\u00e9se ter\u00fclet\u00e9n.<\/p>\n<p>C\u00e9gcsoportunk fejl\u0151d\u00e9si \u00edve p\u00e9lda\u00e9rt\u00e9k\u0171. A gazdas\u00e1gos fenntarthat\u00f3s\u00e1g \u00e9s rent\u00e1bilis \u00fczemeltethet\u0151s\u00e9g szeml\u00e9let\u00e9t szem el\u0151tt tartva a kezdeti \u00e1tvil\u00e1g\u00edt\u00e1sokt\u00f3l a l\u00e9tes\u00edtm\u00e9nyek vezet\u00e9si tan\u00e1csad\u00e1sa ut\u00e1n ma a projektgazd\u00e1k (\u00f6nkorm\u00e1nyzatok, mag\u00e1nberuh\u00e1z\u00f3k) m\u00e1r az \u00f6tletek megfogalmaz\u00e1s\u00e1n\u00e1l felk\u00e9rik c\u00e9g\u00fcnket a szakmai ir\u00e1nymutat\u00e1sra. Ez\u00e1ltal a projektek tervez\u00e9si f\u00e1zis\u00e1ba bekapcsol\u00f3dik az \u00fczemeltet\u0151i szeml\u00e9let, \u00edgy olyan szak\u00e9rt\u0151i anyagok, tanulm\u00e1nyok sz\u00fcletnek, melyeket tapasztalati sz\u00e1mok t\u00e1masztanak al\u00e1, \u00e9s biztos alapot ny\u00fajtanak a projektek megval\u00f3s\u00edt\u00e1s\u00e1hoz, \u00e9s a k\u00e9s\u0151bbi sikeres m\u0171k\u00f6d\u00e9s idej\u00e9n is.\u00a0 A c\u00e9g\u00fcnkre jellemz\u0151 innovat\u00edv gondolkod\u00e1s minden projekt est\u00e9ben egyedi megold\u00e1sok, nem h\u00e9tk\u00f6znapi \u00f6tletek kidolgoz\u00e1s\u00e1t jelenti. Hitvall\u00e1sunk, hogy az eredm\u00e9nyess\u00e9g kulcsa a t\u00f6megb\u0151l val\u00f3 kit\u0171n\u00e9s, ami olyan versenyel\u0151nyt biztos\u00edt, mellyel garant\u00e1lhat\u00f3 az adott l\u00e9tes\u00edtm\u00e9ny szolg\u00e1ltat\u00e1sainak sikere.<\/p>\n","protected":false},"excerpt":{"rendered":"<p>A Spa Hungary Holding Zrt. \u00e9s a hozz\u00e1 tartoz\u00f3 c\u00e9gcsoport tagjainak szolg\u00e1ltat\u00e1sa kiv\u00e9teles \u00e9s egyed\u00fcl\u00e1ll\u00f3 Magyarorsz\u00e1gon. Alap\u00edt\u00f3 tulajdonosa Kovacsics Imre, orsz\u00e1gosan elismert szaktekint\u00e9ly a turizmus gy\u00f3gy, wellness \u00e9s \u00e9lm\u00e9ny szolg\u00e1ltat\u00e1sainak fejleszt\u00e9se ter\u00fclet\u00e9n. C\u00e9gcsoportunk fejl\u0151d\u00e9si \u00edve p\u00e9lda\u00e9rt\u00e9k\u0171. A gazdas\u00e1gos fenntarthat\u00f3s\u00e1g \u00e9s rent\u00e1bilis \u00fczemeltethet\u0151s\u00e9g szeml\u00e9let\u00e9t szem el\u0151tt tartva a kezdeti \u00e1tvil\u00e1g\u00edt\u00e1sokt\u00f3l a l\u00e9tes\u00edtm\u00e9nyek vezet\u00e9si tan\u00e1csad\u00e1sa ut\u00e1n ma [&hellip;]<\/p>\n","protected":false},"author":1,"featured_media":0,"parent":0,"menu_order":0,"comment_status":"closed","ping_status":"closed","template":"","meta":{"footnotes":""},"class_list":["post-187","page","type-page","status-publish","hentry"],"yoast_head":"<!-- This site is optimized with the Yoast SEO plugin v27.1.1 - https:\/\/yoast.com\/product\/yoast-seo-wordpress\/ -->\n<title>Spa Hungary Holding Ltd. \u2013 Experience-world on the advanced level - SPA Hungary Holding Zrt.<\/title>\n<meta name=\"robots\" content=\"index, follow, max-snippet:-1, max-image-preview:large, max-video-preview:-1\" \/>\n<link rel=\"canonical\" href=\"https:\/\/spaholding.eu\/en\/\" \/>\n<meta property=\"og:locale\" content=\"en_US\" \/>\n<meta property=\"og:type\" content=\"article\" \/>\n<meta property=\"og:title\" content=\"Spa Hungary Holding Ltd. \u2013 Experience-world on the advanced level - SPA Hungary Holding Zrt.\" \/>\n<meta property=\"og:description\" content=\"A Spa Hungary Holding Zrt. \u00e9s a hozz\u00e1 tartoz\u00f3 c\u00e9gcsoport tagjainak szolg\u00e1ltat\u00e1sa kiv\u00e9teles \u00e9s egyed\u00fcl\u00e1ll\u00f3 Magyarorsz\u00e1gon. Alap\u00edt\u00f3 tulajdonosa Kovacsics Imre, orsz\u00e1gosan elismert szaktekint\u00e9ly a turizmus gy\u00f3gy, wellness \u00e9s \u00e9lm\u00e9ny szolg\u00e1ltat\u00e1sainak fejleszt\u00e9se ter\u00fclet\u00e9n. C\u00e9gcsoportunk fejl\u0151d\u00e9si \u00edve p\u00e9lda\u00e9rt\u00e9k\u0171. A gazdas\u00e1gos fenntarthat\u00f3s\u00e1g \u00e9s rent\u00e1bilis \u00fczemeltethet\u0151s\u00e9g szeml\u00e9let\u00e9t szem el\u0151tt tartva a kezdeti \u00e1tvil\u00e1g\u00edt\u00e1sokt\u00f3l a l\u00e9tes\u00edtm\u00e9nyek vezet\u00e9si tan\u00e1csad\u00e1sa ut\u00e1n ma [&hellip;]\" \/>\n<meta property=\"og:url\" content=\"https:\/\/spaholding.eu\/en\/\" \/>\n<meta property=\"og:site_name\" content=\"SPA Hungary Holding Zrt.\" \/>\n<meta name=\"twitter:card\" content=\"summary_large_image\" \/>\n<meta name=\"twitter:label1\" content=\"Est. reading time\" \/>\n\t<meta name=\"twitter:data1\" content=\"1 minute\" \/>\n<script type=\"application\/ld+json\" class=\"yoast-schema-graph\">{\"@context\":\"https:\/\/schema.org\",\"@graph\":[{\"@type\":\"WebPage\",\"@id\":\"https:\/\/spaholding.eu\/en\/\",\"url\":\"https:\/\/spaholding.eu\/en\/\",\"name\":\"Spa Hungary Holding Ltd. \u2013 Experience-world on the advanced level - SPA Hungary Holding Zrt.\",\"isPartOf\":{\"@id\":\"https:\/\/spaholding.eu\/#website\"},\"datePublished\":\"2016-08-11T11:05:36+00:00\",\"breadcrumb\":{\"@id\":\"https:\/\/spaholding.eu\/en\/#breadcrumb\"},\"inLanguage\":\"en-US\",\"potentialAction\":[{\"@type\":\"ReadAction\",\"target\":[\"https:\/\/spaholding.eu\/en\/\"]}]},{\"@type\":\"BreadcrumbList\",\"@id\":\"https:\/\/spaholding.eu\/en\/#breadcrumb\",\"itemListElement\":[{\"@type\":\"ListItem\",\"position\":1,\"name\":\"Home\",\"item\":\"https:\/\/spaholding.eu\/en\/\"},{\"@type\":\"ListItem\",\"position\":2,\"name\":\"Spa Hungary Holding Ltd. \u2013 Experience-world on the advanced level\"}]},{\"@type\":\"WebSite\",\"@id\":\"https:\/\/spaholding.eu\/#website\",\"url\":\"https:\/\/spaholding.eu\/\",\"name\":\"SPA Hungary Holding Zrt.\",\"description\":\"\u00c9lm\u00e9nyvil\u00e1g fels\u0151fokon\",\"potentialAction\":[{\"@type\":\"SearchAction\",\"target\":{\"@type\":\"EntryPoint\",\"urlTemplate\":\"https:\/\/spaholding.eu\/?s={search_term_string}\"},\"query-input\":{\"@type\":\"PropertyValueSpecification\",\"valueRequired\":true,\"valueName\":\"search_term_string\"}}],\"inLanguage\":\"en-US\"}]}<\/script>\n<!-- \/ Yoast SEO plugin. -->","yoast_head_json":{"title":"Spa Hungary Holding Ltd. \u2013 Experience-world on the advanced level - SPA Hungary Holding Zrt.","robots":{"index":"index","follow":"follow","max-snippet":"max-snippet:-1","max-image-preview":"max-image-preview:large","max-video-preview":"max-video-preview:-1"},"canonical":"https:\/\/spaholding.eu\/en\/","og_locale":"en_US","og_type":"article","og_title":"Spa Hungary Holding Ltd. \u2013 Experience-world on the advanced level - SPA Hungary Holding Zrt.","og_description":"A Spa Hungary Holding Zrt. \u00e9s a hozz\u00e1 tartoz\u00f3 c\u00e9gcsoport tagjainak szolg\u00e1ltat\u00e1sa kiv\u00e9teles \u00e9s egyed\u00fcl\u00e1ll\u00f3 Magyarorsz\u00e1gon. Alap\u00edt\u00f3 tulajdonosa Kovacsics Imre, orsz\u00e1gosan elismert szaktekint\u00e9ly a turizmus gy\u00f3gy, wellness \u00e9s \u00e9lm\u00e9ny szolg\u00e1ltat\u00e1sainak fejleszt\u00e9se ter\u00fclet\u00e9n. C\u00e9gcsoportunk fejl\u0151d\u00e9si \u00edve p\u00e9lda\u00e9rt\u00e9k\u0171. A gazdas\u00e1gos fenntarthat\u00f3s\u00e1g \u00e9s rent\u00e1bilis \u00fczemeltethet\u0151s\u00e9g szeml\u00e9let\u00e9t szem el\u0151tt tartva a kezdeti \u00e1tvil\u00e1g\u00edt\u00e1sokt\u00f3l a l\u00e9tes\u00edtm\u00e9nyek vezet\u00e9si tan\u00e1csad\u00e1sa ut\u00e1n ma [&hellip;]","og_url":"https:\/\/spaholding.eu\/en\/","og_site_name":"SPA Hungary Holding Zrt.","twitter_card":"summary_large_image","twitter_misc":{"Est. reading time":"1 minute"},"schema":{"@context":"https:\/\/schema.org","@graph":[{"@type":"WebPage","@id":"https:\/\/spaholding.eu\/en\/","url":"https:\/\/spaholding.eu\/en\/","name":"Spa Hungary Holding Ltd. \u2013 Experience-world on the advanced level - SPA Hungary Holding Zrt.","isPartOf":{"@id":"https:\/\/spaholding.eu\/#website"},"datePublished":"2016-08-11T11:05:36+00:00","breadcrumb":{"@id":"https:\/\/spaholding.eu\/en\/#breadcrumb"},"inLanguage":"en-US","potentialAction":[{"@type":"ReadAction","target":["https:\/\/spaholding.eu\/en\/"]}]},{"@type":"BreadcrumbList","@id":"https:\/\/spaholding.eu\/en\/#breadcrumb","itemListElement":[{"@type":"ListItem","position":1,"name":"Home","item":"https:\/\/spaholding.eu\/en\/"},{"@type":"ListItem","position":2,"name":"Spa Hungary Holding Ltd. \u2013 Experience-world on the advanced level"}]},{"@type":"WebSite","@id":"https:\/\/spaholding.eu\/#website","url":"https:\/\/spaholding.eu\/","name":"SPA Hungary Holding Zrt.","description":"\u00c9lm\u00e9nyvil\u00e1g fels\u0151fokon","potentialAction":[{"@type":"SearchAction","target":{"@type":"EntryPoint","urlTemplate":"https:\/\/spaholding.eu\/?s={search_term_string}"},"query-input":{"@type":"PropertyValueSpecification","valueRequired":true,"valueName":"search_term_string"}}],"inLanguage":"en-US"}]}},"_links":{"self":[{"href":"https:\/\/spaholding.eu\/en\/wp-json\/wp\/v2\/pages\/187","targetHints":{"allow":["GET"]}}],"collection":[{"href":"https:\/\/spaholding.eu\/en\/wp-json\/wp\/v2\/pages"}],"about":[{"href":"https:\/\/spaholding.eu\/en\/wp-json\/wp\/v2\/types\/page"}],"author":[{"embeddable":true,"href":"https:\/\/spaholding.eu\/en\/wp-json\/wp\/v2\/users\/1"}],"replies":[{"embeddable":true,"href":"https:\/\/spaholding.eu\/en\/wp-json\/wp\/v2\/comments?post=187"}],"version-history":[{"count":1,"href":"https:\/\/spaholding.eu\/en\/wp-json\/wp\/v2\/pages\/187\/revisions"}],"predecessor-version":[{"id":188,"href":"https:\/\/spaholding.eu\/en\/wp-json\/wp\/v2\/pages\/187\/revisions\/188"}],"wp:attachment":[{"href":"https:\/\/spaholding.eu\/en\/wp-json\/wp\/v2\/media?parent=187"}],"curies":[{"name":"wp","href":"https:\/\/api.w.org\/{rel}","templated":true}]}}