{"id":197,"date":"2016-08-11T13:14:43","date_gmt":"2016-08-11T13:14:43","guid":{"rendered":"https:\/\/spaholding.eu\/en\/?page_id=197"},"modified":"2016-08-11T13:14:43","modified_gmt":"2016-08-11T13:14:43","slug":"about-us","status":"publish","type":"page","link":"https:\/\/spaholding.eu\/en\/about-us\/","title":{"rendered":"About Us"},"content":{"rendered":"<p>The service of the Spa Hungary Holding Ltd. and its group members is exceptional and unique in Hungary.<\/p>\n<p>Its founder and owner is Kovacsics Imre, who is a nationally recognized expert in improving the medical, wellness and experience services of tourism. The developmental arc of our company group is exemplary. Starting from the initial screening and the facility management consulting, nowadays with the approach of economic sustainability and profitable operating the project administrators (councils, privte investors) ask for our professional guidance at the phase of wording ideas. By that, the operational view interconnects with the design phase, so such expert documents and studies are written, which are confirmed by experience supported numbers. This ensures a firm base for the projects, and later for the successful operation. The innovative thinking, which characterize our company means providing unique solutions for every projects, not presenting everyday ideas. Our business creed is that the key to success is to get visible in the crowd, which ensures a competitive advantage and guarantees the success of the facility\u2019s services.<\/p>\n","protected":false},"excerpt":{"rendered":"<p>The service of the Spa Hungary Holding Ltd. and its group members is exceptional and unique in Hungary. Its founder and owner is Kovacsics Imre, who is a nationally recognized expert in improving the medical, wellness and experience services of tourism. The developmental arc of our company group is exemplary. Starting from the initial screening [&hellip;]<\/p>\n","protected":false},"author":1,"featured_media":138,"parent":0,"menu_order":0,"comment_status":"closed","ping_status":"closed","template":"","meta":{"footnotes":""},"class_list":["post-197","page","type-page","status-publish","has-post-thumbnail","hentry"],"yoast_head":"<!-- This site is optimized with the Yoast SEO plugin v27.1.1 - https:\/\/yoast.com\/product\/yoast-seo-wordpress\/ -->\n<title>About Us - SPA Hungary Holding Zrt.<\/title>\n<meta name=\"robots\" content=\"index, follow, max-snippet:-1, max-image-preview:large, max-video-preview:-1\" \/>\n<link rel=\"canonical\" href=\"https:\/\/spaholding.eu\/en\/about-us\/\" \/>\n<meta property=\"og:locale\" content=\"en_US\" \/>\n<meta property=\"og:type\" content=\"article\" \/>\n<meta property=\"og:title\" content=\"About Us - SPA Hungary Holding Zrt.\" \/>\n<meta property=\"og:description\" content=\"The service of the Spa Hungary Holding Ltd. and its group members is exceptional and unique in Hungary. Its founder and owner is Kovacsics Imre, who is a nationally recognized expert in improving the medical, wellness and experience services of tourism. The developmental arc of our company group is exemplary. Starting from the initial screening [&hellip;]\" \/>\n<meta property=\"og:url\" content=\"https:\/\/spaholding.eu\/en\/about-us\/\" \/>\n<meta property=\"og:site_name\" content=\"SPA Hungary Holding Zrt.\" \/>\n<meta property=\"og:image\" content=\"https:\/\/spaholding.eu\/wp-content\/uploads\/2016\/03\/ROLUNK.jpg\" \/>\n\t<meta property=\"og:image:width\" content=\"1980\" \/>\n\t<meta property=\"og:image:height\" content=\"1221\" \/>\n\t<meta property=\"og:image:type\" content=\"image\/jpeg\" \/>\n<meta name=\"twitter:card\" content=\"summary_large_image\" \/>\n<meta name=\"twitter:label1\" content=\"Est. reading time\" \/>\n\t<meta name=\"twitter:data1\" content=\"1 minute\" \/>\n<script type=\"application\/ld+json\" class=\"yoast-schema-graph\">{\"@context\":\"https:\/\/schema.org\",\"@graph\":[{\"@type\":\"WebPage\",\"@id\":\"https:\/\/spaholding.eu\/en\/about-us\/\",\"url\":\"https:\/\/spaholding.eu\/en\/about-us\/\",\"name\":\"About Us - SPA Hungary Holding Zrt.\",\"isPartOf\":{\"@id\":\"https:\/\/spaholding.eu\/#website\"},\"primaryImageOfPage\":{\"@id\":\"https:\/\/spaholding.eu\/en\/about-us\/#primaryimage\"},\"image\":{\"@id\":\"https:\/\/spaholding.eu\/en\/about-us\/#primaryimage\"},\"thumbnailUrl\":\"https:\/\/spaholding.eu\/wp-content\/uploads\/2016\/03\/ROLUNK.jpg\",\"datePublished\":\"2016-08-11T13:14:43+00:00\",\"breadcrumb\":{\"@id\":\"https:\/\/spaholding.eu\/en\/about-us\/#breadcrumb\"},\"inLanguage\":\"en-US\",\"potentialAction\":[{\"@type\":\"ReadAction\",\"target\":[\"https:\/\/spaholding.eu\/en\/about-us\/\"]}]},{\"@type\":\"ImageObject\",\"inLanguage\":\"en-US\",\"@id\":\"https:\/\/spaholding.eu\/en\/about-us\/#primaryimage\",\"url\":\"https:\/\/spaholding.eu\/wp-content\/uploads\/2016\/03\/ROLUNK.jpg\",\"contentUrl\":\"https:\/\/spaholding.eu\/wp-content\/uploads\/2016\/03\/ROLUNK.jpg\",\"width\":1980,\"height\":1221},{\"@type\":\"BreadcrumbList\",\"@id\":\"https:\/\/spaholding.eu\/en\/about-us\/#breadcrumb\",\"itemListElement\":[{\"@type\":\"ListItem\",\"position\":1,\"name\":\"Home\",\"item\":\"https:\/\/spaholding.eu\/en\/\"},{\"@type\":\"ListItem\",\"position\":2,\"name\":\"About Us\"}]},{\"@type\":\"WebSite\",\"@id\":\"https:\/\/spaholding.eu\/#website\",\"url\":\"https:\/\/spaholding.eu\/\",\"name\":\"SPA Hungary Holding Zrt.\",\"description\":\"\u00c9lm\u00e9nyvil\u00e1g fels\u0151fokon\",\"potentialAction\":[{\"@type\":\"SearchAction\",\"target\":{\"@type\":\"EntryPoint\",\"urlTemplate\":\"https:\/\/spaholding.eu\/?s={search_term_string}\"},\"query-input\":{\"@type\":\"PropertyValueSpecification\",\"valueRequired\":true,\"valueName\":\"search_term_string\"}}],\"inLanguage\":\"en-US\"}]}<\/script>\n<!-- \/ Yoast SEO plugin. -->","yoast_head_json":{"title":"About Us - SPA Hungary Holding Zrt.","robots":{"index":"index","follow":"follow","max-snippet":"max-snippet:-1","max-image-preview":"max-image-preview:large","max-video-preview":"max-video-preview:-1"},"canonical":"https:\/\/spaholding.eu\/en\/about-us\/","og_locale":"en_US","og_type":"article","og_title":"About Us - SPA Hungary Holding Zrt.","og_description":"The service of the Spa Hungary Holding Ltd. and its group members is exceptional and unique in Hungary. Its founder and owner is Kovacsics Imre, who is a nationally recognized expert in improving the medical, wellness and experience services of tourism. The developmental arc of our company group is exemplary. Starting from the initial screening [&hellip;]","og_url":"https:\/\/spaholding.eu\/en\/about-us\/","og_site_name":"SPA Hungary Holding Zrt.","og_image":[{"width":1980,"height":1221,"url":"https:\/\/spaholding.eu\/wp-content\/uploads\/2016\/03\/ROLUNK.jpg","type":"image\/jpeg"}],"twitter_card":"summary_large_image","twitter_misc":{"Est. reading time":"1 minute"},"schema":{"@context":"https:\/\/schema.org","@graph":[{"@type":"WebPage","@id":"https:\/\/spaholding.eu\/en\/about-us\/","url":"https:\/\/spaholding.eu\/en\/about-us\/","name":"About Us - SPA Hungary Holding Zrt.","isPartOf":{"@id":"https:\/\/spaholding.eu\/#website"},"primaryImageOfPage":{"@id":"https:\/\/spaholding.eu\/en\/about-us\/#primaryimage"},"image":{"@id":"https:\/\/spaholding.eu\/en\/about-us\/#primaryimage"},"thumbnailUrl":"https:\/\/spaholding.eu\/wp-content\/uploads\/2016\/03\/ROLUNK.jpg","datePublished":"2016-08-11T13:14:43+00:00","breadcrumb":{"@id":"https:\/\/spaholding.eu\/en\/about-us\/#breadcrumb"},"inLanguage":"en-US","potentialAction":[{"@type":"ReadAction","target":["https:\/\/spaholding.eu\/en\/about-us\/"]}]},{"@type":"ImageObject","inLanguage":"en-US","@id":"https:\/\/spaholding.eu\/en\/about-us\/#primaryimage","url":"https:\/\/spaholding.eu\/wp-content\/uploads\/2016\/03\/ROLUNK.jpg","contentUrl":"https:\/\/spaholding.eu\/wp-content\/uploads\/2016\/03\/ROLUNK.jpg","width":1980,"height":1221},{"@type":"BreadcrumbList","@id":"https:\/\/spaholding.eu\/en\/about-us\/#breadcrumb","itemListElement":[{"@type":"ListItem","position":1,"name":"Home","item":"https:\/\/spaholding.eu\/en\/"},{"@type":"ListItem","position":2,"name":"About Us"}]},{"@type":"WebSite","@id":"https:\/\/spaholding.eu\/#website","url":"https:\/\/spaholding.eu\/","name":"SPA Hungary Holding Zrt.","description":"\u00c9lm\u00e9nyvil\u00e1g fels\u0151fokon","potentialAction":[{"@type":"SearchAction","target":{"@type":"EntryPoint","urlTemplate":"https:\/\/spaholding.eu\/?s={search_term_string}"},"query-input":{"@type":"PropertyValueSpecification","valueRequired":true,"valueName":"search_term_string"}}],"inLanguage":"en-US"}]}},"_links":{"self":[{"href":"https:\/\/spaholding.eu\/en\/wp-json\/wp\/v2\/pages\/197","targetHints":{"allow":["GET"]}}],"collection":[{"href":"https:\/\/spaholding.eu\/en\/wp-json\/wp\/v2\/pages"}],"about":[{"href":"https:\/\/spaholding.eu\/en\/wp-json\/wp\/v2\/types\/page"}],"author":[{"embeddable":true,"href":"https:\/\/spaholding.eu\/en\/wp-json\/wp\/v2\/users\/1"}],"replies":[{"embeddable":true,"href":"https:\/\/spaholding.eu\/en\/wp-json\/wp\/v2\/comments?post=197"}],"version-history":[{"count":1,"href":"https:\/\/spaholding.eu\/en\/wp-json\/wp\/v2\/pages\/197\/revisions"}],"predecessor-version":[{"id":198,"href":"https:\/\/spaholding.eu\/en\/wp-json\/wp\/v2\/pages\/197\/revisions\/198"}],"wp:featuredmedia":[{"embeddable":true,"href":"https:\/\/spaholding.eu\/en\/wp-json\/wp\/v2\/media\/138"}],"wp:attachment":[{"href":"https:\/\/spaholding.eu\/en\/wp-json\/wp\/v2\/media?parent=197"}],"curies":[{"name":"wp","href":"https:\/\/api.w.org\/{rel}","templated":true}]}}