{"id":448,"date":"2016-08-11T13:50:57","date_gmt":"2016-08-11T13:50:57","guid":{"rendered":"https:\/\/spaholding.eu\/en\/?page_id=448"},"modified":"2016-08-11T13:55:24","modified_gmt":"2016-08-11T13:55:24","slug":"kovacsics-imre","status":"publish","type":"page","link":"https:\/\/spaholding.eu\/en\/group\/kovacsics-imre\/","title":{"rendered":"KOVACSICS Imre"},"content":{"rendered":"<p>Kovacsics Imre, a nationally recognized expert in the field of development of spa, wellness and experience tourism services, and the area of bath facilities management. Due to his applied management methods and innovative approaches, he has led many baths to success. In the recent years, during the management of seven baths at the same time \u2013which is a record- (Gy\u0151r, Ag\u00e1rd, Gyula, Tatab\u00e1nya, Gyomaendr\u0151d, Mak\u00f3 and Sz\u00e9kesfeh\u00e9rv\u00e1r), the baths\u2019 equity under his guidance was close to 6 billion Forints, and the complexes provided jobs for a total of approximately 700 employees. The Spa facilities operate(d) as separate companies, and their chief executive is(was) Kovacsics Imre. With his guidance, during the bath operation and management, many investments and developments carried out with the use of their own resources, and supported project resources.<\/p>\n<p>In addition, now there is a project with his professional advisory located at almost every corner of the country, and by his companies, he provides project management for the principals not just in the bath, but the hotel and urban development sectors as well.<\/p>\n<p><a href=\"https:\/\/spaholding.eu\/wp-content\/uploads\/2016\/08\/Kovacsics_Imre_oneletrajz_2016_eng.pdf\" target=\"_blank\">Download CV<\/a><\/p>\n","protected":false},"excerpt":{"rendered":"<p>Kovacsics Imre, a nationally recognized expert in the field of development of spa, wellness and experience tourism services, and the area of bath facilities management. Due to his applied management methods and innovative approaches, he has led many baths to success. In the recent years, during the management of seven baths at the same time [&hellip;]<\/p>\n","protected":false},"author":1,"featured_media":0,"parent":445,"menu_order":1,"comment_status":"closed","ping_status":"closed","template":"","meta":{"footnotes":""},"class_list":["post-448","page","type-page","status-publish","hentry"],"yoast_head":"<!-- This site is optimized with the Yoast SEO plugin v27.1.1 - https:\/\/yoast.com\/product\/yoast-seo-wordpress\/ -->\n<title>KOVACSICS Imre - SPA Hungary Holding Zrt.<\/title>\n<meta name=\"robots\" content=\"index, follow, max-snippet:-1, max-image-preview:large, max-video-preview:-1\" \/>\n<link rel=\"canonical\" href=\"https:\/\/spaholding.eu\/en\/group\/kovacsics-imre\/\" \/>\n<meta property=\"og:locale\" content=\"en_US\" \/>\n<meta property=\"og:type\" content=\"article\" \/>\n<meta property=\"og:title\" content=\"KOVACSICS Imre - SPA Hungary Holding Zrt.\" \/>\n<meta property=\"og:description\" content=\"Kovacsics Imre, a nationally recognized expert in the field of development of spa, wellness and experience tourism services, and the area of bath facilities management. Due to his applied management methods and innovative approaches, he has led many baths to success. In the recent years, during the management of seven baths at the same time [&hellip;]\" \/>\n<meta property=\"og:url\" content=\"https:\/\/spaholding.eu\/en\/group\/kovacsics-imre\/\" \/>\n<meta property=\"og:site_name\" content=\"SPA Hungary Holding Zrt.\" \/>\n<meta property=\"article:modified_time\" content=\"2016-08-11T13:55:24+00:00\" \/>\n<meta name=\"twitter:card\" content=\"summary_large_image\" \/>\n<meta name=\"twitter:label1\" content=\"Est. reading time\" \/>\n\t<meta name=\"twitter:data1\" content=\"1 minute\" \/>\n<script type=\"application\/ld+json\" class=\"yoast-schema-graph\">{\"@context\":\"https:\/\/schema.org\",\"@graph\":[{\"@type\":\"WebPage\",\"@id\":\"https:\/\/spaholding.eu\/en\/group\/kovacsics-imre\/\",\"url\":\"https:\/\/spaholding.eu\/en\/group\/kovacsics-imre\/\",\"name\":\"KOVACSICS Imre - SPA Hungary Holding Zrt.\",\"isPartOf\":{\"@id\":\"https:\/\/spaholding.eu\/#website\"},\"datePublished\":\"2016-08-11T13:50:57+00:00\",\"dateModified\":\"2016-08-11T13:55:24+00:00\",\"breadcrumb\":{\"@id\":\"https:\/\/spaholding.eu\/en\/group\/kovacsics-imre\/#breadcrumb\"},\"inLanguage\":\"en-US\",\"potentialAction\":[{\"@type\":\"ReadAction\",\"target\":[\"https:\/\/spaholding.eu\/en\/group\/kovacsics-imre\/\"]}]},{\"@type\":\"BreadcrumbList\",\"@id\":\"https:\/\/spaholding.eu\/en\/group\/kovacsics-imre\/#breadcrumb\",\"itemListElement\":[{\"@type\":\"ListItem\",\"position\":1,\"name\":\"Home\",\"item\":\"https:\/\/spaholding.eu\/en\/\"},{\"@type\":\"ListItem\",\"position\":2,\"name\":\"Group\",\"item\":\"https:\/\/spaholding.eu\/en\/group\/\"},{\"@type\":\"ListItem\",\"position\":3,\"name\":\"KOVACSICS Imre\"}]},{\"@type\":\"WebSite\",\"@id\":\"https:\/\/spaholding.eu\/#website\",\"url\":\"https:\/\/spaholding.eu\/\",\"name\":\"SPA Hungary Holding Zrt.\",\"description\":\"\u00c9lm\u00e9nyvil\u00e1g fels\u0151fokon\",\"potentialAction\":[{\"@type\":\"SearchAction\",\"target\":{\"@type\":\"EntryPoint\",\"urlTemplate\":\"https:\/\/spaholding.eu\/?s={search_term_string}\"},\"query-input\":{\"@type\":\"PropertyValueSpecification\",\"valueRequired\":true,\"valueName\":\"search_term_string\"}}],\"inLanguage\":\"en-US\"}]}<\/script>\n<!-- \/ Yoast SEO plugin. -->","yoast_head_json":{"title":"KOVACSICS Imre - SPA Hungary Holding Zrt.","robots":{"index":"index","follow":"follow","max-snippet":"max-snippet:-1","max-image-preview":"max-image-preview:large","max-video-preview":"max-video-preview:-1"},"canonical":"https:\/\/spaholding.eu\/en\/group\/kovacsics-imre\/","og_locale":"en_US","og_type":"article","og_title":"KOVACSICS Imre - SPA Hungary Holding Zrt.","og_description":"Kovacsics Imre, a nationally recognized expert in the field of development of spa, wellness and experience tourism services, and the area of bath facilities management. Due to his applied management methods and innovative approaches, he has led many baths to success. In the recent years, during the management of seven baths at the same time [&hellip;]","og_url":"https:\/\/spaholding.eu\/en\/group\/kovacsics-imre\/","og_site_name":"SPA Hungary Holding Zrt.","article_modified_time":"2016-08-11T13:55:24+00:00","twitter_card":"summary_large_image","twitter_misc":{"Est. reading time":"1 minute"},"schema":{"@context":"https:\/\/schema.org","@graph":[{"@type":"WebPage","@id":"https:\/\/spaholding.eu\/en\/group\/kovacsics-imre\/","url":"https:\/\/spaholding.eu\/en\/group\/kovacsics-imre\/","name":"KOVACSICS Imre - SPA Hungary Holding Zrt.","isPartOf":{"@id":"https:\/\/spaholding.eu\/#website"},"datePublished":"2016-08-11T13:50:57+00:00","dateModified":"2016-08-11T13:55:24+00:00","breadcrumb":{"@id":"https:\/\/spaholding.eu\/en\/group\/kovacsics-imre\/#breadcrumb"},"inLanguage":"en-US","potentialAction":[{"@type":"ReadAction","target":["https:\/\/spaholding.eu\/en\/group\/kovacsics-imre\/"]}]},{"@type":"BreadcrumbList","@id":"https:\/\/spaholding.eu\/en\/group\/kovacsics-imre\/#breadcrumb","itemListElement":[{"@type":"ListItem","position":1,"name":"Home","item":"https:\/\/spaholding.eu\/en\/"},{"@type":"ListItem","position":2,"name":"Group","item":"https:\/\/spaholding.eu\/en\/group\/"},{"@type":"ListItem","position":3,"name":"KOVACSICS Imre"}]},{"@type":"WebSite","@id":"https:\/\/spaholding.eu\/#website","url":"https:\/\/spaholding.eu\/","name":"SPA Hungary Holding Zrt.","description":"\u00c9lm\u00e9nyvil\u00e1g fels\u0151fokon","potentialAction":[{"@type":"SearchAction","target":{"@type":"EntryPoint","urlTemplate":"https:\/\/spaholding.eu\/?s={search_term_string}"},"query-input":{"@type":"PropertyValueSpecification","valueRequired":true,"valueName":"search_term_string"}}],"inLanguage":"en-US"}]}},"_links":{"self":[{"href":"https:\/\/spaholding.eu\/en\/wp-json\/wp\/v2\/pages\/448","targetHints":{"allow":["GET"]}}],"collection":[{"href":"https:\/\/spaholding.eu\/en\/wp-json\/wp\/v2\/pages"}],"about":[{"href":"https:\/\/spaholding.eu\/en\/wp-json\/wp\/v2\/types\/page"}],"author":[{"embeddable":true,"href":"https:\/\/spaholding.eu\/en\/wp-json\/wp\/v2\/users\/1"}],"replies":[{"embeddable":true,"href":"https:\/\/spaholding.eu\/en\/wp-json\/wp\/v2\/comments?post=448"}],"version-history":[{"count":4,"href":"https:\/\/spaholding.eu\/en\/wp-json\/wp\/v2\/pages\/448\/revisions"}],"predecessor-version":[{"id":454,"href":"https:\/\/spaholding.eu\/en\/wp-json\/wp\/v2\/pages\/448\/revisions\/454"}],"up":[{"embeddable":true,"href":"https:\/\/spaholding.eu\/en\/wp-json\/wp\/v2\/pages\/445"}],"wp:attachment":[{"href":"https:\/\/spaholding.eu\/en\/wp-json\/wp\/v2\/media?parent=448"}],"curies":[{"name":"wp","href":"https:\/\/api.w.org\/{rel}","templated":true}]}}