{"id":456,"date":"2016-08-11T14:08:39","date_gmt":"2016-08-11T14:08:39","guid":{"rendered":"https:\/\/spaholding.eu\/en\/?page_id=456"},"modified":"2016-08-11T14:08:39","modified_gmt":"2016-08-11T14:08:39","slug":"spa-hungary-holding-ltd","status":"publish","type":"page","link":"https:\/\/spaholding.eu\/en\/group\/spa-hungary-holding-ltd\/","title":{"rendered":"Spa Hungary Holding Ltd."},"content":{"rendered":"<p align=\"JUSTIFY\"><span style=\"font-family: Arial,sans-serif;\"><span style=\"font-size: medium;\"><span lang=\"en-GB\">The Spa Hungary Holding Ltd was founded in October 2008. Its founding owner is Kovacsics Imre, a nationally recognized expert in the field of development of spa, wellness and experience tourism services.<\/span><\/span><\/span><\/p>\n<p align=\"JUSTIFY\"><span style=\"font-family: Arial,sans-serif;\"><span style=\"font-size: medium;\"><span lang=\"en-GB\">In the recent years it became the company with the most complex knowledge of Spa-operation service activities. In Hungary, it has the largest experience in Spa-operation services, crisis managing Spa-operation services, and Spa-operation screening \/professional consulting.<\/span><\/span><\/span><\/p>\n<p lang=\"en-GB\" align=\"JUSTIFY\"><span style=\"font-family: Arial,sans-serif;\"><span style=\"font-size: medium;\">The company&#8217;s development curve is exemplary, it has grown into a complex group of companies. Today, hotels and complex urban development projects are also part of the professional portfolio.<\/span><\/span><\/p>\n","protected":false},"excerpt":{"rendered":"<p>The Spa Hungary Holding Ltd was founded in October 2008. Its founding owner is Kovacsics Imre, a nationally recognized expert in the field of development of spa, wellness and experience tourism services. In the recent years it became the company with the most complex knowledge of Spa-operation service activities. In Hungary, it has the largest [&hellip;]<\/p>\n","protected":false},"author":1,"featured_media":0,"parent":445,"menu_order":2,"comment_status":"closed","ping_status":"closed","template":"","meta":{"footnotes":""},"class_list":["post-456","page","type-page","status-publish","hentry"],"yoast_head":"<!-- This site is optimized with the Yoast SEO plugin v27.1.1 - https:\/\/yoast.com\/product\/yoast-seo-wordpress\/ -->\n<title>Spa Hungary Holding Ltd. - SPA Hungary Holding Zrt.<\/title>\n<meta name=\"robots\" content=\"index, follow, max-snippet:-1, max-image-preview:large, max-video-preview:-1\" \/>\n<link rel=\"canonical\" href=\"https:\/\/spaholding.eu\/en\/group\/spa-hungary-holding-ltd\/\" \/>\n<meta property=\"og:locale\" content=\"en_US\" \/>\n<meta property=\"og:type\" content=\"article\" \/>\n<meta property=\"og:title\" content=\"Spa Hungary Holding Ltd. - SPA Hungary Holding Zrt.\" \/>\n<meta property=\"og:description\" content=\"The Spa Hungary Holding Ltd was founded in October 2008. Its founding owner is Kovacsics Imre, a nationally recognized expert in the field of development of spa, wellness and experience tourism services. In the recent years it became the company with the most complex knowledge of Spa-operation service activities. In Hungary, it has the largest [&hellip;]\" \/>\n<meta property=\"og:url\" content=\"https:\/\/spaholding.eu\/en\/group\/spa-hungary-holding-ltd\/\" \/>\n<meta property=\"og:site_name\" content=\"SPA Hungary Holding Zrt.\" \/>\n<meta name=\"twitter:card\" content=\"summary_large_image\" \/>\n<script type=\"application\/ld+json\" class=\"yoast-schema-graph\">{\"@context\":\"https:\/\/schema.org\",\"@graph\":[{\"@type\":\"WebPage\",\"@id\":\"https:\/\/spaholding.eu\/en\/group\/spa-hungary-holding-ltd\/\",\"url\":\"https:\/\/spaholding.eu\/en\/group\/spa-hungary-holding-ltd\/\",\"name\":\"Spa Hungary Holding Ltd. - SPA Hungary Holding Zrt.\",\"isPartOf\":{\"@id\":\"https:\/\/spaholding.eu\/#website\"},\"datePublished\":\"2016-08-11T14:08:39+00:00\",\"breadcrumb\":{\"@id\":\"https:\/\/spaholding.eu\/en\/group\/spa-hungary-holding-ltd\/#breadcrumb\"},\"inLanguage\":\"en-US\",\"potentialAction\":[{\"@type\":\"ReadAction\",\"target\":[\"https:\/\/spaholding.eu\/en\/group\/spa-hungary-holding-ltd\/\"]}]},{\"@type\":\"BreadcrumbList\",\"@id\":\"https:\/\/spaholding.eu\/en\/group\/spa-hungary-holding-ltd\/#breadcrumb\",\"itemListElement\":[{\"@type\":\"ListItem\",\"position\":1,\"name\":\"Home\",\"item\":\"https:\/\/spaholding.eu\/en\/\"},{\"@type\":\"ListItem\",\"position\":2,\"name\":\"Group\",\"item\":\"https:\/\/spaholding.eu\/en\/group\/\"},{\"@type\":\"ListItem\",\"position\":3,\"name\":\"Spa Hungary Holding Ltd.\"}]},{\"@type\":\"WebSite\",\"@id\":\"https:\/\/spaholding.eu\/#website\",\"url\":\"https:\/\/spaholding.eu\/\",\"name\":\"SPA Hungary Holding Zrt.\",\"description\":\"\u00c9lm\u00e9nyvil\u00e1g fels\u0151fokon\",\"potentialAction\":[{\"@type\":\"SearchAction\",\"target\":{\"@type\":\"EntryPoint\",\"urlTemplate\":\"https:\/\/spaholding.eu\/?s={search_term_string}\"},\"query-input\":{\"@type\":\"PropertyValueSpecification\",\"valueRequired\":true,\"valueName\":\"search_term_string\"}}],\"inLanguage\":\"en-US\"}]}<\/script>\n<!-- \/ Yoast SEO plugin. -->","yoast_head_json":{"title":"Spa Hungary Holding Ltd. - SPA Hungary Holding Zrt.","robots":{"index":"index","follow":"follow","max-snippet":"max-snippet:-1","max-image-preview":"max-image-preview:large","max-video-preview":"max-video-preview:-1"},"canonical":"https:\/\/spaholding.eu\/en\/group\/spa-hungary-holding-ltd\/","og_locale":"en_US","og_type":"article","og_title":"Spa Hungary Holding Ltd. - SPA Hungary Holding Zrt.","og_description":"The Spa Hungary Holding Ltd was founded in October 2008. Its founding owner is Kovacsics Imre, a nationally recognized expert in the field of development of spa, wellness and experience tourism services. In the recent years it became the company with the most complex knowledge of Spa-operation service activities. In Hungary, it has the largest [&hellip;]","og_url":"https:\/\/spaholding.eu\/en\/group\/spa-hungary-holding-ltd\/","og_site_name":"SPA Hungary Holding Zrt.","twitter_card":"summary_large_image","schema":{"@context":"https:\/\/schema.org","@graph":[{"@type":"WebPage","@id":"https:\/\/spaholding.eu\/en\/group\/spa-hungary-holding-ltd\/","url":"https:\/\/spaholding.eu\/en\/group\/spa-hungary-holding-ltd\/","name":"Spa Hungary Holding Ltd. - SPA Hungary Holding Zrt.","isPartOf":{"@id":"https:\/\/spaholding.eu\/#website"},"datePublished":"2016-08-11T14:08:39+00:00","breadcrumb":{"@id":"https:\/\/spaholding.eu\/en\/group\/spa-hungary-holding-ltd\/#breadcrumb"},"inLanguage":"en-US","potentialAction":[{"@type":"ReadAction","target":["https:\/\/spaholding.eu\/en\/group\/spa-hungary-holding-ltd\/"]}]},{"@type":"BreadcrumbList","@id":"https:\/\/spaholding.eu\/en\/group\/spa-hungary-holding-ltd\/#breadcrumb","itemListElement":[{"@type":"ListItem","position":1,"name":"Home","item":"https:\/\/spaholding.eu\/en\/"},{"@type":"ListItem","position":2,"name":"Group","item":"https:\/\/spaholding.eu\/en\/group\/"},{"@type":"ListItem","position":3,"name":"Spa Hungary Holding Ltd."}]},{"@type":"WebSite","@id":"https:\/\/spaholding.eu\/#website","url":"https:\/\/spaholding.eu\/","name":"SPA Hungary Holding Zrt.","description":"\u00c9lm\u00e9nyvil\u00e1g fels\u0151fokon","potentialAction":[{"@type":"SearchAction","target":{"@type":"EntryPoint","urlTemplate":"https:\/\/spaholding.eu\/?s={search_term_string}"},"query-input":{"@type":"PropertyValueSpecification","valueRequired":true,"valueName":"search_term_string"}}],"inLanguage":"en-US"}]}},"_links":{"self":[{"href":"https:\/\/spaholding.eu\/en\/wp-json\/wp\/v2\/pages\/456","targetHints":{"allow":["GET"]}}],"collection":[{"href":"https:\/\/spaholding.eu\/en\/wp-json\/wp\/v2\/pages"}],"about":[{"href":"https:\/\/spaholding.eu\/en\/wp-json\/wp\/v2\/types\/page"}],"author":[{"embeddable":true,"href":"https:\/\/spaholding.eu\/en\/wp-json\/wp\/v2\/users\/1"}],"replies":[{"embeddable":true,"href":"https:\/\/spaholding.eu\/en\/wp-json\/wp\/v2\/comments?post=456"}],"version-history":[{"count":1,"href":"https:\/\/spaholding.eu\/en\/wp-json\/wp\/v2\/pages\/456\/revisions"}],"predecessor-version":[{"id":457,"href":"https:\/\/spaholding.eu\/en\/wp-json\/wp\/v2\/pages\/456\/revisions\/457"}],"up":[{"embeddable":true,"href":"https:\/\/spaholding.eu\/en\/wp-json\/wp\/v2\/pages\/445"}],"wp:attachment":[{"href":"https:\/\/spaholding.eu\/en\/wp-json\/wp\/v2\/media?parent=456"}],"curies":[{"name":"wp","href":"https:\/\/api.w.org\/{rel}","templated":true}]}}