{"id":460,"date":"2016-08-12T07:42:49","date_gmt":"2016-08-12T07:42:49","guid":{"rendered":"https:\/\/spaholding.eu\/en\/?page_id=460"},"modified":"2016-08-12T07:43:47","modified_gmt":"2016-08-12T07:43:47","slug":"raba-quelle-kft","status":"publish","type":"page","link":"https:\/\/spaholding.eu\/en\/group\/raba-quelle-kft\/","title":{"rendered":"R\u00e1ba Quelle Ltd."},"content":{"rendered":"<p>The majority shareholder and CEO of the operator Ltd of R\u00e1ba Quelle Thermal Bath and Spa is Kovacsics Imre since April 2003.<\/p>\n<p>The success of one of the most competitive thermal and experience bath came from the constant innovative activities (innovative usage of the thermal energy), and the competitive advantages gained by high risk-taking experiences. This bath is an example of the competitive and successful operation of a multi-generational guest-focused spa.<\/p>\n<p>With the experiences gained in this base bath, Kovacsics Imre became an effective crisis management competencies demonstrating bath operator, and by that, his nationally known and recognized professional career could begin.<\/p>\n","protected":false},"excerpt":{"rendered":"<p>The majority shareholder and CEO of the operator Ltd of R\u00e1ba Quelle Thermal Bath and Spa is Kovacsics Imre since April 2003. The success of one of the most competitive thermal and experience bath came from the constant innovative activities (innovative usage of the thermal energy), and the competitive advantages gained by high risk-taking experiences. [&hellip;]<\/p>\n","protected":false},"author":1,"featured_media":0,"parent":445,"menu_order":3,"comment_status":"closed","ping_status":"closed","template":"","meta":{"footnotes":""},"class_list":["post-460","page","type-page","status-publish","hentry"],"yoast_head":"<!-- This site is optimized with the Yoast SEO plugin v27.1.1 - https:\/\/yoast.com\/product\/yoast-seo-wordpress\/ -->\n<title>R\u00e1ba Quelle Ltd. - SPA Hungary Holding Zrt.<\/title>\n<meta name=\"robots\" content=\"index, follow, max-snippet:-1, max-image-preview:large, max-video-preview:-1\" \/>\n<link rel=\"canonical\" href=\"https:\/\/spaholding.eu\/en\/group\/raba-quelle-kft\/\" \/>\n<meta property=\"og:locale\" content=\"en_US\" \/>\n<meta property=\"og:type\" content=\"article\" \/>\n<meta property=\"og:title\" content=\"R\u00e1ba Quelle Ltd. - SPA Hungary Holding Zrt.\" \/>\n<meta property=\"og:description\" content=\"The majority shareholder and CEO of the operator Ltd of R\u00e1ba Quelle Thermal Bath and Spa is Kovacsics Imre since April 2003. The success of one of the most competitive thermal and experience bath came from the constant innovative activities (innovative usage of the thermal energy), and the competitive advantages gained by high risk-taking experiences. [&hellip;]\" \/>\n<meta property=\"og:url\" content=\"https:\/\/spaholding.eu\/en\/group\/raba-quelle-kft\/\" \/>\n<meta property=\"og:site_name\" content=\"SPA Hungary Holding Zrt.\" \/>\n<meta property=\"article:modified_time\" content=\"2016-08-12T07:43:47+00:00\" \/>\n<meta name=\"twitter:card\" content=\"summary_large_image\" \/>\n<meta name=\"twitter:label1\" content=\"Est. reading time\" \/>\n\t<meta name=\"twitter:data1\" content=\"1 minute\" \/>\n<script type=\"application\/ld+json\" class=\"yoast-schema-graph\">{\"@context\":\"https:\/\/schema.org\",\"@graph\":[{\"@type\":\"WebPage\",\"@id\":\"https:\/\/spaholding.eu\/en\/group\/raba-quelle-kft\/\",\"url\":\"https:\/\/spaholding.eu\/en\/group\/raba-quelle-kft\/\",\"name\":\"R\u00e1ba Quelle Ltd. - SPA Hungary Holding Zrt.\",\"isPartOf\":{\"@id\":\"https:\/\/spaholding.eu\/#website\"},\"datePublished\":\"2016-08-12T07:42:49+00:00\",\"dateModified\":\"2016-08-12T07:43:47+00:00\",\"breadcrumb\":{\"@id\":\"https:\/\/spaholding.eu\/en\/group\/raba-quelle-kft\/#breadcrumb\"},\"inLanguage\":\"en-US\",\"potentialAction\":[{\"@type\":\"ReadAction\",\"target\":[\"https:\/\/spaholding.eu\/en\/group\/raba-quelle-kft\/\"]}]},{\"@type\":\"BreadcrumbList\",\"@id\":\"https:\/\/spaholding.eu\/en\/group\/raba-quelle-kft\/#breadcrumb\",\"itemListElement\":[{\"@type\":\"ListItem\",\"position\":1,\"name\":\"Home\",\"item\":\"https:\/\/spaholding.eu\/en\/\"},{\"@type\":\"ListItem\",\"position\":2,\"name\":\"Group\",\"item\":\"https:\/\/spaholding.eu\/en\/group\/\"},{\"@type\":\"ListItem\",\"position\":3,\"name\":\"R\u00e1ba Quelle Ltd.\"}]},{\"@type\":\"WebSite\",\"@id\":\"https:\/\/spaholding.eu\/#website\",\"url\":\"https:\/\/spaholding.eu\/\",\"name\":\"SPA Hungary Holding Zrt.\",\"description\":\"\u00c9lm\u00e9nyvil\u00e1g fels\u0151fokon\",\"potentialAction\":[{\"@type\":\"SearchAction\",\"target\":{\"@type\":\"EntryPoint\",\"urlTemplate\":\"https:\/\/spaholding.eu\/?s={search_term_string}\"},\"query-input\":{\"@type\":\"PropertyValueSpecification\",\"valueRequired\":true,\"valueName\":\"search_term_string\"}}],\"inLanguage\":\"en-US\"}]}<\/script>\n<!-- \/ Yoast SEO plugin. -->","yoast_head_json":{"title":"R\u00e1ba Quelle Ltd. - SPA Hungary Holding Zrt.","robots":{"index":"index","follow":"follow","max-snippet":"max-snippet:-1","max-image-preview":"max-image-preview:large","max-video-preview":"max-video-preview:-1"},"canonical":"https:\/\/spaholding.eu\/en\/group\/raba-quelle-kft\/","og_locale":"en_US","og_type":"article","og_title":"R\u00e1ba Quelle Ltd. - SPA Hungary Holding Zrt.","og_description":"The majority shareholder and CEO of the operator Ltd of R\u00e1ba Quelle Thermal Bath and Spa is Kovacsics Imre since April 2003. The success of one of the most competitive thermal and experience bath came from the constant innovative activities (innovative usage of the thermal energy), and the competitive advantages gained by high risk-taking experiences. [&hellip;]","og_url":"https:\/\/spaholding.eu\/en\/group\/raba-quelle-kft\/","og_site_name":"SPA Hungary Holding Zrt.","article_modified_time":"2016-08-12T07:43:47+00:00","twitter_card":"summary_large_image","twitter_misc":{"Est. reading time":"1 minute"},"schema":{"@context":"https:\/\/schema.org","@graph":[{"@type":"WebPage","@id":"https:\/\/spaholding.eu\/en\/group\/raba-quelle-kft\/","url":"https:\/\/spaholding.eu\/en\/group\/raba-quelle-kft\/","name":"R\u00e1ba Quelle Ltd. - SPA Hungary Holding Zrt.","isPartOf":{"@id":"https:\/\/spaholding.eu\/#website"},"datePublished":"2016-08-12T07:42:49+00:00","dateModified":"2016-08-12T07:43:47+00:00","breadcrumb":{"@id":"https:\/\/spaholding.eu\/en\/group\/raba-quelle-kft\/#breadcrumb"},"inLanguage":"en-US","potentialAction":[{"@type":"ReadAction","target":["https:\/\/spaholding.eu\/en\/group\/raba-quelle-kft\/"]}]},{"@type":"BreadcrumbList","@id":"https:\/\/spaholding.eu\/en\/group\/raba-quelle-kft\/#breadcrumb","itemListElement":[{"@type":"ListItem","position":1,"name":"Home","item":"https:\/\/spaholding.eu\/en\/"},{"@type":"ListItem","position":2,"name":"Group","item":"https:\/\/spaholding.eu\/en\/group\/"},{"@type":"ListItem","position":3,"name":"R\u00e1ba Quelle Ltd."}]},{"@type":"WebSite","@id":"https:\/\/spaholding.eu\/#website","url":"https:\/\/spaholding.eu\/","name":"SPA Hungary Holding Zrt.","description":"\u00c9lm\u00e9nyvil\u00e1g fels\u0151fokon","potentialAction":[{"@type":"SearchAction","target":{"@type":"EntryPoint","urlTemplate":"https:\/\/spaholding.eu\/?s={search_term_string}"},"query-input":{"@type":"PropertyValueSpecification","valueRequired":true,"valueName":"search_term_string"}}],"inLanguage":"en-US"}]}},"_links":{"self":[{"href":"https:\/\/spaholding.eu\/en\/wp-json\/wp\/v2\/pages\/460","targetHints":{"allow":["GET"]}}],"collection":[{"href":"https:\/\/spaholding.eu\/en\/wp-json\/wp\/v2\/pages"}],"about":[{"href":"https:\/\/spaholding.eu\/en\/wp-json\/wp\/v2\/types\/page"}],"author":[{"embeddable":true,"href":"https:\/\/spaholding.eu\/en\/wp-json\/wp\/v2\/users\/1"}],"replies":[{"embeddable":true,"href":"https:\/\/spaholding.eu\/en\/wp-json\/wp\/v2\/comments?post=460"}],"version-history":[{"count":1,"href":"https:\/\/spaholding.eu\/en\/wp-json\/wp\/v2\/pages\/460\/revisions"}],"predecessor-version":[{"id":461,"href":"https:\/\/spaholding.eu\/en\/wp-json\/wp\/v2\/pages\/460\/revisions\/461"}],"up":[{"embeddable":true,"href":"https:\/\/spaholding.eu\/en\/wp-json\/wp\/v2\/pages\/445"}],"wp:attachment":[{"href":"https:\/\/spaholding.eu\/en\/wp-json\/wp\/v2\/media?parent=460"}],"curies":[{"name":"wp","href":"https:\/\/api.w.org\/{rel}","templated":true}]}}