{"id":463,"date":"2016-08-12T07:46:09","date_gmt":"2016-08-12T07:46:09","guid":{"rendered":"https:\/\/spaholding.eu\/en\/?page_id=463"},"modified":"2016-08-12T07:46:09","modified_gmt":"2016-08-12T07:46:09","slug":"spa-audit-ltd","status":"publish","type":"page","link":"https:\/\/spaholding.eu\/en\/group\/spa-audit-ltd\/","title":{"rendered":"Spa Audit Ltd."},"content":{"rendered":"<p>The company was founded in November 2008. Its owner and managing director is Soproni Marianna &#8211; an economist and chartered accountant.<\/p>\n<p>After its foundation, its most customers came from the area of thermal bath and spa management providing businesses, and thermal bath and spa investment management providing businesses. The main activity of the company is accounting and payroll, but it also engaged in managerial, financial and economic consulting activities.<\/p>\n<p>Within the framework of the accounting service activities for its clients, the company leads the analytical and ledger records, performs any labour and payroll tasks, performs the principals of tax returns and other official data services, and compiles and distributes data for statistical purposes.<\/p>\n","protected":false},"excerpt":{"rendered":"<p>The company was founded in November 2008. Its owner and managing director is Soproni Marianna &#8211; an economist and chartered accountant. After its foundation, its most customers came from the area of thermal bath and spa management providing businesses, and thermal bath and spa investment management providing businesses. The main activity of the company is [&hellip;]<\/p>\n","protected":false},"author":1,"featured_media":0,"parent":445,"menu_order":4,"comment_status":"closed","ping_status":"closed","template":"","meta":{"footnotes":""},"class_list":["post-463","page","type-page","status-publish","hentry"],"yoast_head":"<!-- This site is optimized with the Yoast SEO plugin v27.1.1 - https:\/\/yoast.com\/product\/yoast-seo-wordpress\/ -->\n<title>Spa Audit Ltd. - SPA Hungary Holding Zrt.<\/title>\n<meta name=\"robots\" content=\"index, follow, max-snippet:-1, max-image-preview:large, max-video-preview:-1\" \/>\n<link rel=\"canonical\" href=\"https:\/\/spaholding.eu\/en\/group\/spa-audit-ltd\/\" \/>\n<meta property=\"og:locale\" content=\"en_US\" \/>\n<meta property=\"og:type\" content=\"article\" \/>\n<meta property=\"og:title\" content=\"Spa Audit Ltd. - SPA Hungary Holding Zrt.\" \/>\n<meta property=\"og:description\" content=\"The company was founded in November 2008. Its owner and managing director is Soproni Marianna &#8211; an economist and chartered accountant. After its foundation, its most customers came from the area of thermal bath and spa management providing businesses, and thermal bath and spa investment management providing businesses. The main activity of the company is [&hellip;]\" \/>\n<meta property=\"og:url\" content=\"https:\/\/spaholding.eu\/en\/group\/spa-audit-ltd\/\" \/>\n<meta property=\"og:site_name\" content=\"SPA Hungary Holding Zrt.\" \/>\n<meta name=\"twitter:card\" content=\"summary_large_image\" \/>\n<meta name=\"twitter:label1\" content=\"Est. reading time\" \/>\n\t<meta name=\"twitter:data1\" content=\"1 minute\" \/>\n<script type=\"application\/ld+json\" class=\"yoast-schema-graph\">{\"@context\":\"https:\/\/schema.org\",\"@graph\":[{\"@type\":\"WebPage\",\"@id\":\"https:\/\/spaholding.eu\/en\/group\/spa-audit-ltd\/\",\"url\":\"https:\/\/spaholding.eu\/en\/group\/spa-audit-ltd\/\",\"name\":\"Spa Audit Ltd. - SPA Hungary Holding Zrt.\",\"isPartOf\":{\"@id\":\"https:\/\/spaholding.eu\/#website\"},\"datePublished\":\"2016-08-12T07:46:09+00:00\",\"breadcrumb\":{\"@id\":\"https:\/\/spaholding.eu\/en\/group\/spa-audit-ltd\/#breadcrumb\"},\"inLanguage\":\"en-US\",\"potentialAction\":[{\"@type\":\"ReadAction\",\"target\":[\"https:\/\/spaholding.eu\/en\/group\/spa-audit-ltd\/\"]}]},{\"@type\":\"BreadcrumbList\",\"@id\":\"https:\/\/spaholding.eu\/en\/group\/spa-audit-ltd\/#breadcrumb\",\"itemListElement\":[{\"@type\":\"ListItem\",\"position\":1,\"name\":\"Home\",\"item\":\"https:\/\/spaholding.eu\/en\/\"},{\"@type\":\"ListItem\",\"position\":2,\"name\":\"Group\",\"item\":\"https:\/\/spaholding.eu\/en\/group\/\"},{\"@type\":\"ListItem\",\"position\":3,\"name\":\"Spa Audit Ltd.\"}]},{\"@type\":\"WebSite\",\"@id\":\"https:\/\/spaholding.eu\/#website\",\"url\":\"https:\/\/spaholding.eu\/\",\"name\":\"SPA Hungary Holding Zrt.\",\"description\":\"\u00c9lm\u00e9nyvil\u00e1g fels\u0151fokon\",\"potentialAction\":[{\"@type\":\"SearchAction\",\"target\":{\"@type\":\"EntryPoint\",\"urlTemplate\":\"https:\/\/spaholding.eu\/?s={search_term_string}\"},\"query-input\":{\"@type\":\"PropertyValueSpecification\",\"valueRequired\":true,\"valueName\":\"search_term_string\"}}],\"inLanguage\":\"en-US\"}]}<\/script>\n<!-- \/ Yoast SEO plugin. -->","yoast_head_json":{"title":"Spa Audit Ltd. - SPA Hungary Holding Zrt.","robots":{"index":"index","follow":"follow","max-snippet":"max-snippet:-1","max-image-preview":"max-image-preview:large","max-video-preview":"max-video-preview:-1"},"canonical":"https:\/\/spaholding.eu\/en\/group\/spa-audit-ltd\/","og_locale":"en_US","og_type":"article","og_title":"Spa Audit Ltd. - SPA Hungary Holding Zrt.","og_description":"The company was founded in November 2008. Its owner and managing director is Soproni Marianna &#8211; an economist and chartered accountant. After its foundation, its most customers came from the area of thermal bath and spa management providing businesses, and thermal bath and spa investment management providing businesses. The main activity of the company is [&hellip;]","og_url":"https:\/\/spaholding.eu\/en\/group\/spa-audit-ltd\/","og_site_name":"SPA Hungary Holding Zrt.","twitter_card":"summary_large_image","twitter_misc":{"Est. reading time":"1 minute"},"schema":{"@context":"https:\/\/schema.org","@graph":[{"@type":"WebPage","@id":"https:\/\/spaholding.eu\/en\/group\/spa-audit-ltd\/","url":"https:\/\/spaholding.eu\/en\/group\/spa-audit-ltd\/","name":"Spa Audit Ltd. - SPA Hungary Holding Zrt.","isPartOf":{"@id":"https:\/\/spaholding.eu\/#website"},"datePublished":"2016-08-12T07:46:09+00:00","breadcrumb":{"@id":"https:\/\/spaholding.eu\/en\/group\/spa-audit-ltd\/#breadcrumb"},"inLanguage":"en-US","potentialAction":[{"@type":"ReadAction","target":["https:\/\/spaholding.eu\/en\/group\/spa-audit-ltd\/"]}]},{"@type":"BreadcrumbList","@id":"https:\/\/spaholding.eu\/en\/group\/spa-audit-ltd\/#breadcrumb","itemListElement":[{"@type":"ListItem","position":1,"name":"Home","item":"https:\/\/spaholding.eu\/en\/"},{"@type":"ListItem","position":2,"name":"Group","item":"https:\/\/spaholding.eu\/en\/group\/"},{"@type":"ListItem","position":3,"name":"Spa Audit Ltd."}]},{"@type":"WebSite","@id":"https:\/\/spaholding.eu\/#website","url":"https:\/\/spaholding.eu\/","name":"SPA Hungary Holding Zrt.","description":"\u00c9lm\u00e9nyvil\u00e1g fels\u0151fokon","potentialAction":[{"@type":"SearchAction","target":{"@type":"EntryPoint","urlTemplate":"https:\/\/spaholding.eu\/?s={search_term_string}"},"query-input":{"@type":"PropertyValueSpecification","valueRequired":true,"valueName":"search_term_string"}}],"inLanguage":"en-US"}]}},"_links":{"self":[{"href":"https:\/\/spaholding.eu\/en\/wp-json\/wp\/v2\/pages\/463","targetHints":{"allow":["GET"]}}],"collection":[{"href":"https:\/\/spaholding.eu\/en\/wp-json\/wp\/v2\/pages"}],"about":[{"href":"https:\/\/spaholding.eu\/en\/wp-json\/wp\/v2\/types\/page"}],"author":[{"embeddable":true,"href":"https:\/\/spaholding.eu\/en\/wp-json\/wp\/v2\/users\/1"}],"replies":[{"embeddable":true,"href":"https:\/\/spaholding.eu\/en\/wp-json\/wp\/v2\/comments?post=463"}],"version-history":[{"count":1,"href":"https:\/\/spaholding.eu\/en\/wp-json\/wp\/v2\/pages\/463\/revisions"}],"predecessor-version":[{"id":464,"href":"https:\/\/spaholding.eu\/en\/wp-json\/wp\/v2\/pages\/463\/revisions\/464"}],"up":[{"embeddable":true,"href":"https:\/\/spaholding.eu\/en\/wp-json\/wp\/v2\/pages\/445"}],"wp:attachment":[{"href":"https:\/\/spaholding.eu\/en\/wp-json\/wp\/v2\/media?parent=463"}],"curies":[{"name":"wp","href":"https:\/\/api.w.org\/{rel}","templated":true}]}}