{"id":466,"date":"2016-08-12T07:48:29","date_gmt":"2016-08-12T07:48:29","guid":{"rendered":"https:\/\/spaholding.eu\/en\/?page_id=466"},"modified":"2016-08-12T07:48:29","modified_gmt":"2016-08-12T07:48:29","slug":"malawi-ltd","status":"publish","type":"page","link":"https:\/\/spaholding.eu\/en\/group\/malawi-ltd\/","title":{"rendered":"Malawi Ltd."},"content":{"rendered":"<p>The Malawi Ltd. was founded in 1997. Its founding owner is Kovacsics Imre. (until 2009.)<\/p>\n<p>The masseur training institution trained spa, bath and sports masseurs awarded with public health education degree, in 16 counties of the country.<\/p>\n<p>The innovative results of the professional activity management:<\/p>\n<ul>\n<li>National education network<\/li>\n<li>The establishment of the Hungarian Masseur Association<\/li>\n<li>Published a three-part, high-quality professional massage training book series, which filled a space that had been open for decades<\/li>\n<\/ul>\n<p>The basic professional books of the current accredited modular system of spa and sports masseur training<\/p>\n","protected":false},"excerpt":{"rendered":"<p>The Malawi Ltd. was founded in 1997. Its founding owner is Kovacsics Imre. (until 2009.) The masseur training institution trained spa, bath and sports masseurs awarded with public health education degree, in 16 counties of the country. The innovative results of the professional activity management: National education network The establishment of the Hungarian Masseur Association [&hellip;]<\/p>\n","protected":false},"author":1,"featured_media":0,"parent":445,"menu_order":5,"comment_status":"closed","ping_status":"closed","template":"","meta":{"footnotes":""},"class_list":["post-466","page","type-page","status-publish","hentry"],"yoast_head":"<!-- This site is optimized with the Yoast SEO plugin v27.1.1 - https:\/\/yoast.com\/product\/yoast-seo-wordpress\/ -->\n<title>Malawi Ltd. - SPA Hungary Holding Zrt.<\/title>\n<meta name=\"robots\" content=\"index, follow, max-snippet:-1, max-image-preview:large, max-video-preview:-1\" \/>\n<link rel=\"canonical\" href=\"https:\/\/spaholding.eu\/en\/group\/malawi-ltd\/\" \/>\n<meta property=\"og:locale\" content=\"en_US\" \/>\n<meta property=\"og:type\" content=\"article\" \/>\n<meta property=\"og:title\" content=\"Malawi Ltd. - SPA Hungary Holding Zrt.\" \/>\n<meta property=\"og:description\" content=\"The Malawi Ltd. was founded in 1997. Its founding owner is Kovacsics Imre. (until 2009.) The masseur training institution trained spa, bath and sports masseurs awarded with public health education degree, in 16 counties of the country. The innovative results of the professional activity management: National education network The establishment of the Hungarian Masseur Association [&hellip;]\" \/>\n<meta property=\"og:url\" content=\"https:\/\/spaholding.eu\/en\/group\/malawi-ltd\/\" \/>\n<meta property=\"og:site_name\" content=\"SPA Hungary Holding Zrt.\" \/>\n<meta name=\"twitter:card\" content=\"summary_large_image\" \/>\n<script type=\"application\/ld+json\" class=\"yoast-schema-graph\">{\"@context\":\"https:\/\/schema.org\",\"@graph\":[{\"@type\":\"WebPage\",\"@id\":\"https:\/\/spaholding.eu\/en\/group\/malawi-ltd\/\",\"url\":\"https:\/\/spaholding.eu\/en\/group\/malawi-ltd\/\",\"name\":\"Malawi Ltd. - SPA Hungary Holding Zrt.\",\"isPartOf\":{\"@id\":\"https:\/\/spaholding.eu\/#website\"},\"datePublished\":\"2016-08-12T07:48:29+00:00\",\"breadcrumb\":{\"@id\":\"https:\/\/spaholding.eu\/en\/group\/malawi-ltd\/#breadcrumb\"},\"inLanguage\":\"en-US\",\"potentialAction\":[{\"@type\":\"ReadAction\",\"target\":[\"https:\/\/spaholding.eu\/en\/group\/malawi-ltd\/\"]}]},{\"@type\":\"BreadcrumbList\",\"@id\":\"https:\/\/spaholding.eu\/en\/group\/malawi-ltd\/#breadcrumb\",\"itemListElement\":[{\"@type\":\"ListItem\",\"position\":1,\"name\":\"Home\",\"item\":\"https:\/\/spaholding.eu\/en\/\"},{\"@type\":\"ListItem\",\"position\":2,\"name\":\"Group\",\"item\":\"https:\/\/spaholding.eu\/en\/group\/\"},{\"@type\":\"ListItem\",\"position\":3,\"name\":\"Malawi Ltd.\"}]},{\"@type\":\"WebSite\",\"@id\":\"https:\/\/spaholding.eu\/#website\",\"url\":\"https:\/\/spaholding.eu\/\",\"name\":\"SPA Hungary Holding Zrt.\",\"description\":\"\u00c9lm\u00e9nyvil\u00e1g fels\u0151fokon\",\"potentialAction\":[{\"@type\":\"SearchAction\",\"target\":{\"@type\":\"EntryPoint\",\"urlTemplate\":\"https:\/\/spaholding.eu\/?s={search_term_string}\"},\"query-input\":{\"@type\":\"PropertyValueSpecification\",\"valueRequired\":true,\"valueName\":\"search_term_string\"}}],\"inLanguage\":\"en-US\"}]}<\/script>\n<!-- \/ Yoast SEO plugin. -->","yoast_head_json":{"title":"Malawi Ltd. - SPA Hungary Holding Zrt.","robots":{"index":"index","follow":"follow","max-snippet":"max-snippet:-1","max-image-preview":"max-image-preview:large","max-video-preview":"max-video-preview:-1"},"canonical":"https:\/\/spaholding.eu\/en\/group\/malawi-ltd\/","og_locale":"en_US","og_type":"article","og_title":"Malawi Ltd. - SPA Hungary Holding Zrt.","og_description":"The Malawi Ltd. was founded in 1997. Its founding owner is Kovacsics Imre. (until 2009.) The masseur training institution trained spa, bath and sports masseurs awarded with public health education degree, in 16 counties of the country. The innovative results of the professional activity management: National education network The establishment of the Hungarian Masseur Association [&hellip;]","og_url":"https:\/\/spaholding.eu\/en\/group\/malawi-ltd\/","og_site_name":"SPA Hungary Holding Zrt.","twitter_card":"summary_large_image","schema":{"@context":"https:\/\/schema.org","@graph":[{"@type":"WebPage","@id":"https:\/\/spaholding.eu\/en\/group\/malawi-ltd\/","url":"https:\/\/spaholding.eu\/en\/group\/malawi-ltd\/","name":"Malawi Ltd. - SPA Hungary Holding Zrt.","isPartOf":{"@id":"https:\/\/spaholding.eu\/#website"},"datePublished":"2016-08-12T07:48:29+00:00","breadcrumb":{"@id":"https:\/\/spaholding.eu\/en\/group\/malawi-ltd\/#breadcrumb"},"inLanguage":"en-US","potentialAction":[{"@type":"ReadAction","target":["https:\/\/spaholding.eu\/en\/group\/malawi-ltd\/"]}]},{"@type":"BreadcrumbList","@id":"https:\/\/spaholding.eu\/en\/group\/malawi-ltd\/#breadcrumb","itemListElement":[{"@type":"ListItem","position":1,"name":"Home","item":"https:\/\/spaholding.eu\/en\/"},{"@type":"ListItem","position":2,"name":"Group","item":"https:\/\/spaholding.eu\/en\/group\/"},{"@type":"ListItem","position":3,"name":"Malawi Ltd."}]},{"@type":"WebSite","@id":"https:\/\/spaholding.eu\/#website","url":"https:\/\/spaholding.eu\/","name":"SPA Hungary Holding Zrt.","description":"\u00c9lm\u00e9nyvil\u00e1g fels\u0151fokon","potentialAction":[{"@type":"SearchAction","target":{"@type":"EntryPoint","urlTemplate":"https:\/\/spaholding.eu\/?s={search_term_string}"},"query-input":{"@type":"PropertyValueSpecification","valueRequired":true,"valueName":"search_term_string"}}],"inLanguage":"en-US"}]}},"_links":{"self":[{"href":"https:\/\/spaholding.eu\/en\/wp-json\/wp\/v2\/pages\/466","targetHints":{"allow":["GET"]}}],"collection":[{"href":"https:\/\/spaholding.eu\/en\/wp-json\/wp\/v2\/pages"}],"about":[{"href":"https:\/\/spaholding.eu\/en\/wp-json\/wp\/v2\/types\/page"}],"author":[{"embeddable":true,"href":"https:\/\/spaholding.eu\/en\/wp-json\/wp\/v2\/users\/1"}],"replies":[{"embeddable":true,"href":"https:\/\/spaholding.eu\/en\/wp-json\/wp\/v2\/comments?post=466"}],"version-history":[{"count":1,"href":"https:\/\/spaholding.eu\/en\/wp-json\/wp\/v2\/pages\/466\/revisions"}],"predecessor-version":[{"id":467,"href":"https:\/\/spaholding.eu\/en\/wp-json\/wp\/v2\/pages\/466\/revisions\/467"}],"up":[{"embeddable":true,"href":"https:\/\/spaholding.eu\/en\/wp-json\/wp\/v2\/pages\/445"}],"wp:attachment":[{"href":"https:\/\/spaholding.eu\/en\/wp-json\/wp\/v2\/media?parent=466"}],"curies":[{"name":"wp","href":"https:\/\/api.w.org\/{rel}","templated":true}]}}