{"id":472,"date":"2016-08-12T08:04:35","date_gmt":"2016-08-12T08:04:35","guid":{"rendered":"https:\/\/spaholding.eu\/en\/?page_id=472"},"modified":"2016-08-12T08:04:35","modified_gmt":"2016-08-12T08:04:35","slug":"complex-review","status":"publish","type":"page","link":"https:\/\/spaholding.eu\/en\/our-activities\/complex-review\/","title":{"rendered":"Complex review"},"content":{"rendered":"<p>Our company&#8217;s experience on screening existing spa and wellness facilities is unique. Within the framework of this screening, our team of experts examine all aspects of operation during several days of continuous personal consultation, to explore operational difficulties in the economic, technical, medical, marketing and sales, operations and quality assurance areas. The projected study provides solution proposals for specialized cost rationalization, to achieve the purpose of future profitable operations for the client in the following areas:<\/p>\n<ul>\n<li>Executing economic and financial rationalization process<\/li>\n<li>Organizational definition of the operation,<\/li>\n<li>Work and process consulting,<\/li>\n<li>Determination of optimal labour and cost structure<\/li>\n<li>Efficient determination of the medical department<\/li>\n<li>Quality assurance and training<\/li>\n<li>Bath-management consulting<\/li>\n<li>Innovation suggestions<\/li>\n<\/ul>\n","protected":false},"excerpt":{"rendered":"<p>Our company&#8217;s experience on screening existing spa and wellness facilities is unique. Within the framework of this screening, our team of experts examine all aspects of operation during several days of continuous personal consultation, to explore operational difficulties in the economic, technical, medical, marketing and sales, operations and quality assurance areas. The projected study provides [&hellip;]<\/p>\n","protected":false},"author":1,"featured_media":0,"parent":469,"menu_order":1,"comment_status":"closed","ping_status":"closed","template":"","meta":{"footnotes":""},"class_list":["post-472","page","type-page","status-publish","hentry"],"yoast_head":"<!-- This site is optimized with the Yoast SEO plugin v27.1.1 - https:\/\/yoast.com\/product\/yoast-seo-wordpress\/ -->\n<title>Complex review - SPA Hungary Holding Zrt.<\/title>\n<meta name=\"robots\" content=\"index, follow, max-snippet:-1, max-image-preview:large, max-video-preview:-1\" \/>\n<link rel=\"canonical\" href=\"https:\/\/spaholding.eu\/en\/our-activities\/complex-review\/\" \/>\n<meta property=\"og:locale\" content=\"en_US\" \/>\n<meta property=\"og:type\" content=\"article\" \/>\n<meta property=\"og:title\" content=\"Complex review - SPA Hungary Holding Zrt.\" \/>\n<meta property=\"og:description\" content=\"Our company&#8217;s experience on screening existing spa and wellness facilities is unique. Within the framework of this screening, our team of experts examine all aspects of operation during several days of continuous personal consultation, to explore operational difficulties in the economic, technical, medical, marketing and sales, operations and quality assurance areas. The projected study provides [&hellip;]\" \/>\n<meta property=\"og:url\" content=\"https:\/\/spaholding.eu\/en\/our-activities\/complex-review\/\" \/>\n<meta property=\"og:site_name\" content=\"SPA Hungary Holding Zrt.\" \/>\n<meta name=\"twitter:card\" content=\"summary_large_image\" \/>\n<meta name=\"twitter:label1\" content=\"Est. reading time\" \/>\n\t<meta name=\"twitter:data1\" content=\"1 minute\" \/>\n<script type=\"application\/ld+json\" class=\"yoast-schema-graph\">{\"@context\":\"https:\/\/schema.org\",\"@graph\":[{\"@type\":\"WebPage\",\"@id\":\"https:\/\/spaholding.eu\/en\/our-activities\/complex-review\/\",\"url\":\"https:\/\/spaholding.eu\/en\/our-activities\/complex-review\/\",\"name\":\"Complex review - SPA Hungary Holding Zrt.\",\"isPartOf\":{\"@id\":\"https:\/\/spaholding.eu\/#website\"},\"datePublished\":\"2016-08-12T08:04:35+00:00\",\"breadcrumb\":{\"@id\":\"https:\/\/spaholding.eu\/en\/our-activities\/complex-review\/#breadcrumb\"},\"inLanguage\":\"en-US\",\"potentialAction\":[{\"@type\":\"ReadAction\",\"target\":[\"https:\/\/spaholding.eu\/en\/our-activities\/complex-review\/\"]}]},{\"@type\":\"BreadcrumbList\",\"@id\":\"https:\/\/spaholding.eu\/en\/our-activities\/complex-review\/#breadcrumb\",\"itemListElement\":[{\"@type\":\"ListItem\",\"position\":1,\"name\":\"Home\",\"item\":\"https:\/\/spaholding.eu\/en\/\"},{\"@type\":\"ListItem\",\"position\":2,\"name\":\"Our activities\",\"item\":\"https:\/\/spaholding.eu\/en\/our-activities\/\"},{\"@type\":\"ListItem\",\"position\":3,\"name\":\"Complex review\"}]},{\"@type\":\"WebSite\",\"@id\":\"https:\/\/spaholding.eu\/#website\",\"url\":\"https:\/\/spaholding.eu\/\",\"name\":\"SPA Hungary Holding Zrt.\",\"description\":\"\u00c9lm\u00e9nyvil\u00e1g fels\u0151fokon\",\"potentialAction\":[{\"@type\":\"SearchAction\",\"target\":{\"@type\":\"EntryPoint\",\"urlTemplate\":\"https:\/\/spaholding.eu\/?s={search_term_string}\"},\"query-input\":{\"@type\":\"PropertyValueSpecification\",\"valueRequired\":true,\"valueName\":\"search_term_string\"}}],\"inLanguage\":\"en-US\"}]}<\/script>\n<!-- \/ Yoast SEO plugin. -->","yoast_head_json":{"title":"Complex review - SPA Hungary Holding Zrt.","robots":{"index":"index","follow":"follow","max-snippet":"max-snippet:-1","max-image-preview":"max-image-preview:large","max-video-preview":"max-video-preview:-1"},"canonical":"https:\/\/spaholding.eu\/en\/our-activities\/complex-review\/","og_locale":"en_US","og_type":"article","og_title":"Complex review - SPA Hungary Holding Zrt.","og_description":"Our company&#8217;s experience on screening existing spa and wellness facilities is unique. Within the framework of this screening, our team of experts examine all aspects of operation during several days of continuous personal consultation, to explore operational difficulties in the economic, technical, medical, marketing and sales, operations and quality assurance areas. The projected study provides [&hellip;]","og_url":"https:\/\/spaholding.eu\/en\/our-activities\/complex-review\/","og_site_name":"SPA Hungary Holding Zrt.","twitter_card":"summary_large_image","twitter_misc":{"Est. reading time":"1 minute"},"schema":{"@context":"https:\/\/schema.org","@graph":[{"@type":"WebPage","@id":"https:\/\/spaholding.eu\/en\/our-activities\/complex-review\/","url":"https:\/\/spaholding.eu\/en\/our-activities\/complex-review\/","name":"Complex review - SPA Hungary Holding Zrt.","isPartOf":{"@id":"https:\/\/spaholding.eu\/#website"},"datePublished":"2016-08-12T08:04:35+00:00","breadcrumb":{"@id":"https:\/\/spaholding.eu\/en\/our-activities\/complex-review\/#breadcrumb"},"inLanguage":"en-US","potentialAction":[{"@type":"ReadAction","target":["https:\/\/spaholding.eu\/en\/our-activities\/complex-review\/"]}]},{"@type":"BreadcrumbList","@id":"https:\/\/spaholding.eu\/en\/our-activities\/complex-review\/#breadcrumb","itemListElement":[{"@type":"ListItem","position":1,"name":"Home","item":"https:\/\/spaholding.eu\/en\/"},{"@type":"ListItem","position":2,"name":"Our activities","item":"https:\/\/spaholding.eu\/en\/our-activities\/"},{"@type":"ListItem","position":3,"name":"Complex review"}]},{"@type":"WebSite","@id":"https:\/\/spaholding.eu\/#website","url":"https:\/\/spaholding.eu\/","name":"SPA Hungary Holding Zrt.","description":"\u00c9lm\u00e9nyvil\u00e1g fels\u0151fokon","potentialAction":[{"@type":"SearchAction","target":{"@type":"EntryPoint","urlTemplate":"https:\/\/spaholding.eu\/?s={search_term_string}"},"query-input":{"@type":"PropertyValueSpecification","valueRequired":true,"valueName":"search_term_string"}}],"inLanguage":"en-US"}]}},"_links":{"self":[{"href":"https:\/\/spaholding.eu\/en\/wp-json\/wp\/v2\/pages\/472","targetHints":{"allow":["GET"]}}],"collection":[{"href":"https:\/\/spaholding.eu\/en\/wp-json\/wp\/v2\/pages"}],"about":[{"href":"https:\/\/spaholding.eu\/en\/wp-json\/wp\/v2\/types\/page"}],"author":[{"embeddable":true,"href":"https:\/\/spaholding.eu\/en\/wp-json\/wp\/v2\/users\/1"}],"replies":[{"embeddable":true,"href":"https:\/\/spaholding.eu\/en\/wp-json\/wp\/v2\/comments?post=472"}],"version-history":[{"count":1,"href":"https:\/\/spaholding.eu\/en\/wp-json\/wp\/v2\/pages\/472\/revisions"}],"predecessor-version":[{"id":473,"href":"https:\/\/spaholding.eu\/en\/wp-json\/wp\/v2\/pages\/472\/revisions\/473"}],"up":[{"embeddable":true,"href":"https:\/\/spaholding.eu\/en\/wp-json\/wp\/v2\/pages\/469"}],"wp:attachment":[{"href":"https:\/\/spaholding.eu\/en\/wp-json\/wp\/v2\/media?parent=472"}],"curies":[{"name":"wp","href":"https:\/\/api.w.org\/{rel}","templated":true}]}}