{"id":475,"date":"2016-08-12T08:06:53","date_gmt":"2016-08-12T08:06:53","guid":{"rendered":"https:\/\/spaholding.eu\/en\/?page_id=475"},"modified":"2016-08-12T08:06:53","modified_gmt":"2016-08-12T08:06:53","slug":"producing-studies-expert-documents","status":"publish","type":"page","link":"https:\/\/spaholding.eu\/en\/our-activities\/producing-studies-expert-documents\/","title":{"rendered":"Producing studies and expert documents"},"content":{"rendered":"<p>Our written studies, expert documents are made through a collaborative process. In each case our colleagues measure the principal\u2019s ideas, needs and dreams for the prospective project during personal consultation. \u00a0This is followed by the process of data collection and processing, in which the former materials provided by the client are researched in order to collect all the information which is considered useful for us. We gain inspiration for the proper development of the concept during numerous personal inspections of the scene. The final result can be prepared for the client in an impressive print version on demand, which in this form will be suitable as a means of presentation to prospective investors and professional partners.<\/p>\n","protected":false},"excerpt":{"rendered":"<p>Our written studies, expert documents are made through a collaborative process. In each case our colleagues measure the principal\u2019s ideas, needs and dreams for the prospective project during personal consultation. \u00a0This is followed by the process of data collection and processing, in which the former materials provided by the client are researched in order to [&hellip;]<\/p>\n","protected":false},"author":1,"featured_media":0,"parent":469,"menu_order":2,"comment_status":"closed","ping_status":"closed","template":"","meta":{"footnotes":""},"class_list":["post-475","page","type-page","status-publish","hentry"],"yoast_head":"<!-- This site is optimized with the Yoast SEO plugin v27.1.1 - https:\/\/yoast.com\/product\/yoast-seo-wordpress\/ -->\n<title>Producing studies and expert documents - SPA Hungary Holding Zrt.<\/title>\n<meta name=\"robots\" content=\"index, follow, max-snippet:-1, max-image-preview:large, max-video-preview:-1\" \/>\n<link rel=\"canonical\" href=\"https:\/\/spaholding.eu\/en\/our-activities\/producing-studies-expert-documents\/\" \/>\n<meta property=\"og:locale\" content=\"en_US\" \/>\n<meta property=\"og:type\" content=\"article\" \/>\n<meta property=\"og:title\" content=\"Producing studies and expert documents - SPA Hungary Holding Zrt.\" \/>\n<meta property=\"og:description\" content=\"Our written studies, expert documents are made through a collaborative process. In each case our colleagues measure the principal\u2019s ideas, needs and dreams for the prospective project during personal consultation. \u00a0This is followed by the process of data collection and processing, in which the former materials provided by the client are researched in order to [&hellip;]\" \/>\n<meta property=\"og:url\" content=\"https:\/\/spaholding.eu\/en\/our-activities\/producing-studies-expert-documents\/\" \/>\n<meta property=\"og:site_name\" content=\"SPA Hungary Holding Zrt.\" \/>\n<meta name=\"twitter:card\" content=\"summary_large_image\" \/>\n<meta name=\"twitter:label1\" content=\"Est. reading time\" \/>\n\t<meta name=\"twitter:data1\" content=\"1 minute\" \/>\n<script type=\"application\/ld+json\" class=\"yoast-schema-graph\">{\"@context\":\"https:\/\/schema.org\",\"@graph\":[{\"@type\":\"WebPage\",\"@id\":\"https:\/\/spaholding.eu\/en\/our-activities\/producing-studies-expert-documents\/\",\"url\":\"https:\/\/spaholding.eu\/en\/our-activities\/producing-studies-expert-documents\/\",\"name\":\"Producing studies and expert documents - SPA Hungary Holding Zrt.\",\"isPartOf\":{\"@id\":\"https:\/\/spaholding.eu\/#website\"},\"datePublished\":\"2016-08-12T08:06:53+00:00\",\"breadcrumb\":{\"@id\":\"https:\/\/spaholding.eu\/en\/our-activities\/producing-studies-expert-documents\/#breadcrumb\"},\"inLanguage\":\"en-US\",\"potentialAction\":[{\"@type\":\"ReadAction\",\"target\":[\"https:\/\/spaholding.eu\/en\/our-activities\/producing-studies-expert-documents\/\"]}]},{\"@type\":\"BreadcrumbList\",\"@id\":\"https:\/\/spaholding.eu\/en\/our-activities\/producing-studies-expert-documents\/#breadcrumb\",\"itemListElement\":[{\"@type\":\"ListItem\",\"position\":1,\"name\":\"Home\",\"item\":\"https:\/\/spaholding.eu\/en\/\"},{\"@type\":\"ListItem\",\"position\":2,\"name\":\"Our activities\",\"item\":\"https:\/\/spaholding.eu\/en\/our-activities\/\"},{\"@type\":\"ListItem\",\"position\":3,\"name\":\"Producing studies and expert documents\"}]},{\"@type\":\"WebSite\",\"@id\":\"https:\/\/spaholding.eu\/#website\",\"url\":\"https:\/\/spaholding.eu\/\",\"name\":\"SPA Hungary Holding Zrt.\",\"description\":\"\u00c9lm\u00e9nyvil\u00e1g fels\u0151fokon\",\"potentialAction\":[{\"@type\":\"SearchAction\",\"target\":{\"@type\":\"EntryPoint\",\"urlTemplate\":\"https:\/\/spaholding.eu\/?s={search_term_string}\"},\"query-input\":{\"@type\":\"PropertyValueSpecification\",\"valueRequired\":true,\"valueName\":\"search_term_string\"}}],\"inLanguage\":\"en-US\"}]}<\/script>\n<!-- \/ Yoast SEO plugin. -->","yoast_head_json":{"title":"Producing studies and expert documents - SPA Hungary Holding Zrt.","robots":{"index":"index","follow":"follow","max-snippet":"max-snippet:-1","max-image-preview":"max-image-preview:large","max-video-preview":"max-video-preview:-1"},"canonical":"https:\/\/spaholding.eu\/en\/our-activities\/producing-studies-expert-documents\/","og_locale":"en_US","og_type":"article","og_title":"Producing studies and expert documents - SPA Hungary Holding Zrt.","og_description":"Our written studies, expert documents are made through a collaborative process. In each case our colleagues measure the principal\u2019s ideas, needs and dreams for the prospective project during personal consultation. \u00a0This is followed by the process of data collection and processing, in which the former materials provided by the client are researched in order to [&hellip;]","og_url":"https:\/\/spaholding.eu\/en\/our-activities\/producing-studies-expert-documents\/","og_site_name":"SPA Hungary Holding Zrt.","twitter_card":"summary_large_image","twitter_misc":{"Est. reading time":"1 minute"},"schema":{"@context":"https:\/\/schema.org","@graph":[{"@type":"WebPage","@id":"https:\/\/spaholding.eu\/en\/our-activities\/producing-studies-expert-documents\/","url":"https:\/\/spaholding.eu\/en\/our-activities\/producing-studies-expert-documents\/","name":"Producing studies and expert documents - SPA Hungary Holding Zrt.","isPartOf":{"@id":"https:\/\/spaholding.eu\/#website"},"datePublished":"2016-08-12T08:06:53+00:00","breadcrumb":{"@id":"https:\/\/spaholding.eu\/en\/our-activities\/producing-studies-expert-documents\/#breadcrumb"},"inLanguage":"en-US","potentialAction":[{"@type":"ReadAction","target":["https:\/\/spaholding.eu\/en\/our-activities\/producing-studies-expert-documents\/"]}]},{"@type":"BreadcrumbList","@id":"https:\/\/spaholding.eu\/en\/our-activities\/producing-studies-expert-documents\/#breadcrumb","itemListElement":[{"@type":"ListItem","position":1,"name":"Home","item":"https:\/\/spaholding.eu\/en\/"},{"@type":"ListItem","position":2,"name":"Our activities","item":"https:\/\/spaholding.eu\/en\/our-activities\/"},{"@type":"ListItem","position":3,"name":"Producing studies and expert documents"}]},{"@type":"WebSite","@id":"https:\/\/spaholding.eu\/#website","url":"https:\/\/spaholding.eu\/","name":"SPA Hungary Holding Zrt.","description":"\u00c9lm\u00e9nyvil\u00e1g fels\u0151fokon","potentialAction":[{"@type":"SearchAction","target":{"@type":"EntryPoint","urlTemplate":"https:\/\/spaholding.eu\/?s={search_term_string}"},"query-input":{"@type":"PropertyValueSpecification","valueRequired":true,"valueName":"search_term_string"}}],"inLanguage":"en-US"}]}},"_links":{"self":[{"href":"https:\/\/spaholding.eu\/en\/wp-json\/wp\/v2\/pages\/475","targetHints":{"allow":["GET"]}}],"collection":[{"href":"https:\/\/spaholding.eu\/en\/wp-json\/wp\/v2\/pages"}],"about":[{"href":"https:\/\/spaholding.eu\/en\/wp-json\/wp\/v2\/types\/page"}],"author":[{"embeddable":true,"href":"https:\/\/spaholding.eu\/en\/wp-json\/wp\/v2\/users\/1"}],"replies":[{"embeddable":true,"href":"https:\/\/spaholding.eu\/en\/wp-json\/wp\/v2\/comments?post=475"}],"version-history":[{"count":1,"href":"https:\/\/spaholding.eu\/en\/wp-json\/wp\/v2\/pages\/475\/revisions"}],"predecessor-version":[{"id":476,"href":"https:\/\/spaholding.eu\/en\/wp-json\/wp\/v2\/pages\/475\/revisions\/476"}],"up":[{"embeddable":true,"href":"https:\/\/spaholding.eu\/en\/wp-json\/wp\/v2\/pages\/469"}],"wp:attachment":[{"href":"https:\/\/spaholding.eu\/en\/wp-json\/wp\/v2\/media?parent=475"}],"curies":[{"name":"wp","href":"https:\/\/api.w.org\/{rel}","templated":true}]}}