{"id":478,"date":"2016-08-12T08:08:46","date_gmt":"2016-08-12T08:08:46","guid":{"rendered":"https:\/\/spaholding.eu\/en\/?page_id=478"},"modified":"2016-08-12T08:08:46","modified_gmt":"2016-08-12T08:08:46","slug":"producing-bath-hotel-development-concepts","status":"publish","type":"page","link":"https:\/\/spaholding.eu\/en\/our-activities\/producing-bath-hotel-development-concepts\/","title":{"rendered":"Producing bath and hotel development concepts"},"content":{"rendered":"<p>One of the main profile of our company group since its inception is to produce development concepts for medical, thermal and experience baths. Now we take advantage of this experience on the field of developing wellness-centered hotels as well.<\/p>\n<p>It can be said that the market sector of baths is fairly saturated, new investments start day by day, and the success of these largely depends on their individuality. Our company&#8217;s experience guarantees that the designed or improved facility gains a competitive advantage, by which it does well despite the highly competitive environment. With our professional guidance, taking into consideration the market characteristics, our clients are given viable concepts &#8211; we always seek individual solutions, we find the typical bath specifics and by strengthening that, we give a vision into the hands of our clients.<\/p>\n","protected":false},"excerpt":{"rendered":"<p>One of the main profile of our company group since its inception is to produce development concepts for medical, thermal and experience baths. Now we take advantage of this experience on the field of developing wellness-centered hotels as well. It can be said that the market sector of baths is fairly saturated, new investments start [&hellip;]<\/p>\n","protected":false},"author":1,"featured_media":0,"parent":469,"menu_order":3,"comment_status":"closed","ping_status":"closed","template":"","meta":{"footnotes":""},"class_list":["post-478","page","type-page","status-publish","hentry"],"yoast_head":"<!-- This site is optimized with the Yoast SEO plugin v27.1.1 - https:\/\/yoast.com\/product\/yoast-seo-wordpress\/ -->\n<title>Producing bath and hotel development concepts - SPA Hungary Holding Zrt.<\/title>\n<meta name=\"robots\" content=\"index, follow, max-snippet:-1, max-image-preview:large, max-video-preview:-1\" \/>\n<link rel=\"canonical\" href=\"https:\/\/spaholding.eu\/en\/our-activities\/producing-bath-hotel-development-concepts\/\" \/>\n<meta property=\"og:locale\" content=\"en_US\" \/>\n<meta property=\"og:type\" content=\"article\" \/>\n<meta property=\"og:title\" content=\"Producing bath and hotel development concepts - SPA Hungary Holding Zrt.\" \/>\n<meta property=\"og:description\" content=\"One of the main profile of our company group since its inception is to produce development concepts for medical, thermal and experience baths. Now we take advantage of this experience on the field of developing wellness-centered hotels as well. It can be said that the market sector of baths is fairly saturated, new investments start [&hellip;]\" \/>\n<meta property=\"og:url\" content=\"https:\/\/spaholding.eu\/en\/our-activities\/producing-bath-hotel-development-concepts\/\" \/>\n<meta property=\"og:site_name\" content=\"SPA Hungary Holding Zrt.\" \/>\n<meta name=\"twitter:card\" content=\"summary_large_image\" \/>\n<meta name=\"twitter:label1\" content=\"Est. reading time\" \/>\n\t<meta name=\"twitter:data1\" content=\"1 minute\" \/>\n<script type=\"application\/ld+json\" class=\"yoast-schema-graph\">{\"@context\":\"https:\/\/schema.org\",\"@graph\":[{\"@type\":\"WebPage\",\"@id\":\"https:\/\/spaholding.eu\/en\/our-activities\/producing-bath-hotel-development-concepts\/\",\"url\":\"https:\/\/spaholding.eu\/en\/our-activities\/producing-bath-hotel-development-concepts\/\",\"name\":\"Producing bath and hotel development concepts - SPA Hungary Holding Zrt.\",\"isPartOf\":{\"@id\":\"https:\/\/spaholding.eu\/#website\"},\"datePublished\":\"2016-08-12T08:08:46+00:00\",\"breadcrumb\":{\"@id\":\"https:\/\/spaholding.eu\/en\/our-activities\/producing-bath-hotel-development-concepts\/#breadcrumb\"},\"inLanguage\":\"en-US\",\"potentialAction\":[{\"@type\":\"ReadAction\",\"target\":[\"https:\/\/spaholding.eu\/en\/our-activities\/producing-bath-hotel-development-concepts\/\"]}]},{\"@type\":\"BreadcrumbList\",\"@id\":\"https:\/\/spaholding.eu\/en\/our-activities\/producing-bath-hotel-development-concepts\/#breadcrumb\",\"itemListElement\":[{\"@type\":\"ListItem\",\"position\":1,\"name\":\"Home\",\"item\":\"https:\/\/spaholding.eu\/en\/\"},{\"@type\":\"ListItem\",\"position\":2,\"name\":\"Our activities\",\"item\":\"https:\/\/spaholding.eu\/en\/our-activities\/\"},{\"@type\":\"ListItem\",\"position\":3,\"name\":\"Producing bath and hotel development concepts\"}]},{\"@type\":\"WebSite\",\"@id\":\"https:\/\/spaholding.eu\/#website\",\"url\":\"https:\/\/spaholding.eu\/\",\"name\":\"SPA Hungary Holding Zrt.\",\"description\":\"\u00c9lm\u00e9nyvil\u00e1g fels\u0151fokon\",\"potentialAction\":[{\"@type\":\"SearchAction\",\"target\":{\"@type\":\"EntryPoint\",\"urlTemplate\":\"https:\/\/spaholding.eu\/?s={search_term_string}\"},\"query-input\":{\"@type\":\"PropertyValueSpecification\",\"valueRequired\":true,\"valueName\":\"search_term_string\"}}],\"inLanguage\":\"en-US\"}]}<\/script>\n<!-- \/ Yoast SEO plugin. -->","yoast_head_json":{"title":"Producing bath and hotel development concepts - SPA Hungary Holding Zrt.","robots":{"index":"index","follow":"follow","max-snippet":"max-snippet:-1","max-image-preview":"max-image-preview:large","max-video-preview":"max-video-preview:-1"},"canonical":"https:\/\/spaholding.eu\/en\/our-activities\/producing-bath-hotel-development-concepts\/","og_locale":"en_US","og_type":"article","og_title":"Producing bath and hotel development concepts - SPA Hungary Holding Zrt.","og_description":"One of the main profile of our company group since its inception is to produce development concepts for medical, thermal and experience baths. Now we take advantage of this experience on the field of developing wellness-centered hotels as well. It can be said that the market sector of baths is fairly saturated, new investments start [&hellip;]","og_url":"https:\/\/spaholding.eu\/en\/our-activities\/producing-bath-hotel-development-concepts\/","og_site_name":"SPA Hungary Holding Zrt.","twitter_card":"summary_large_image","twitter_misc":{"Est. reading time":"1 minute"},"schema":{"@context":"https:\/\/schema.org","@graph":[{"@type":"WebPage","@id":"https:\/\/spaholding.eu\/en\/our-activities\/producing-bath-hotel-development-concepts\/","url":"https:\/\/spaholding.eu\/en\/our-activities\/producing-bath-hotel-development-concepts\/","name":"Producing bath and hotel development concepts - SPA Hungary Holding Zrt.","isPartOf":{"@id":"https:\/\/spaholding.eu\/#website"},"datePublished":"2016-08-12T08:08:46+00:00","breadcrumb":{"@id":"https:\/\/spaholding.eu\/en\/our-activities\/producing-bath-hotel-development-concepts\/#breadcrumb"},"inLanguage":"en-US","potentialAction":[{"@type":"ReadAction","target":["https:\/\/spaholding.eu\/en\/our-activities\/producing-bath-hotel-development-concepts\/"]}]},{"@type":"BreadcrumbList","@id":"https:\/\/spaholding.eu\/en\/our-activities\/producing-bath-hotel-development-concepts\/#breadcrumb","itemListElement":[{"@type":"ListItem","position":1,"name":"Home","item":"https:\/\/spaholding.eu\/en\/"},{"@type":"ListItem","position":2,"name":"Our activities","item":"https:\/\/spaholding.eu\/en\/our-activities\/"},{"@type":"ListItem","position":3,"name":"Producing bath and hotel development concepts"}]},{"@type":"WebSite","@id":"https:\/\/spaholding.eu\/#website","url":"https:\/\/spaholding.eu\/","name":"SPA Hungary Holding Zrt.","description":"\u00c9lm\u00e9nyvil\u00e1g fels\u0151fokon","potentialAction":[{"@type":"SearchAction","target":{"@type":"EntryPoint","urlTemplate":"https:\/\/spaholding.eu\/?s={search_term_string}"},"query-input":{"@type":"PropertyValueSpecification","valueRequired":true,"valueName":"search_term_string"}}],"inLanguage":"en-US"}]}},"_links":{"self":[{"href":"https:\/\/spaholding.eu\/en\/wp-json\/wp\/v2\/pages\/478","targetHints":{"allow":["GET"]}}],"collection":[{"href":"https:\/\/spaholding.eu\/en\/wp-json\/wp\/v2\/pages"}],"about":[{"href":"https:\/\/spaholding.eu\/en\/wp-json\/wp\/v2\/types\/page"}],"author":[{"embeddable":true,"href":"https:\/\/spaholding.eu\/en\/wp-json\/wp\/v2\/users\/1"}],"replies":[{"embeddable":true,"href":"https:\/\/spaholding.eu\/en\/wp-json\/wp\/v2\/comments?post=478"}],"version-history":[{"count":1,"href":"https:\/\/spaholding.eu\/en\/wp-json\/wp\/v2\/pages\/478\/revisions"}],"predecessor-version":[{"id":479,"href":"https:\/\/spaholding.eu\/en\/wp-json\/wp\/v2\/pages\/478\/revisions\/479"}],"up":[{"embeddable":true,"href":"https:\/\/spaholding.eu\/en\/wp-json\/wp\/v2\/pages\/469"}],"wp:attachment":[{"href":"https:\/\/spaholding.eu\/en\/wp-json\/wp\/v2\/media?parent=478"}],"curies":[{"name":"wp","href":"https:\/\/api.w.org\/{rel}","templated":true}]}}