{"id":481,"date":"2016-08-12T08:12:42","date_gmt":"2016-08-12T08:12:42","guid":{"rendered":"https:\/\/spaholding.eu\/en\/?page_id=481"},"modified":"2016-08-12T08:12:42","modified_gmt":"2016-08-12T08:12:42","slug":"producing-city-development-concepts","status":"publish","type":"page","link":"https:\/\/spaholding.eu\/en\/our-activities\/producing-city-development-concepts\/","title":{"rendered":"Producing city development concepts"},"content":{"rendered":"<p>Today beyond the bath and hotel development, we can produce complete tourist-oriented settlement development concepts. During the preparation of medium and long-term development strategies the settlement is not only considered as a project. <\/p>\n<p>We look and we see its life, we become the part of it to see the advantages and disadvantages of its operation. We examine the development opportunities from the internal and external actors\u2019 perspective. Our goal is to give birth such a livable settlement, or help it to be born again, which is not only good to live, but is good to live the moments as well. Where the locals really feel like home, where investors are reluctant to invest, we do this by triggering the heart and engine of the settlement to provide the revenue stream that allows the settlement to step on the way of continuous development.<\/p>\n","protected":false},"excerpt":{"rendered":"<p>Today beyond the bath and hotel development, we can produce complete tourist-oriented settlement development concepts. During the preparation of medium and long-term development strategies the settlement is not only considered as a project. We look and we see its life, we become the part of it to see the advantages and disadvantages of its operation. [&hellip;]<\/p>\n","protected":false},"author":1,"featured_media":0,"parent":469,"menu_order":4,"comment_status":"closed","ping_status":"closed","template":"","meta":{"footnotes":""},"class_list":["post-481","page","type-page","status-publish","hentry"],"yoast_head":"<!-- This site is optimized with the Yoast SEO plugin v27.5 - https:\/\/yoast.com\/product\/yoast-seo-wordpress\/ -->\n<title>Producing city development concepts - SPA Hungary Holding Zrt.<\/title>\n<meta name=\"robots\" content=\"index, follow, max-snippet:-1, max-image-preview:large, max-video-preview:-1\" \/>\n<link rel=\"canonical\" href=\"https:\/\/spaholding.eu\/en\/our-activities\/producing-city-development-concepts\/\" \/>\n<meta property=\"og:locale\" content=\"en_US\" \/>\n<meta property=\"og:type\" content=\"article\" \/>\n<meta property=\"og:title\" content=\"Producing city development concepts - SPA Hungary Holding Zrt.\" \/>\n<meta property=\"og:description\" content=\"Today beyond the bath and hotel development, we can produce complete tourist-oriented settlement development concepts. During the preparation of medium and long-term development strategies the settlement is not only considered as a project. We look and we see its life, we become the part of it to see the advantages and disadvantages of its operation. [&hellip;]\" \/>\n<meta property=\"og:url\" content=\"https:\/\/spaholding.eu\/en\/our-activities\/producing-city-development-concepts\/\" \/>\n<meta property=\"og:site_name\" content=\"SPA Hungary Holding Zrt.\" \/>\n<meta name=\"twitter:card\" content=\"summary_large_image\" \/>\n<meta name=\"twitter:label1\" content=\"Est. reading time\" \/>\n\t<meta name=\"twitter:data1\" content=\"1 minute\" \/>\n<script type=\"application\/ld+json\" class=\"yoast-schema-graph\">{\"@context\":\"https:\\\/\\\/schema.org\",\"@graph\":[{\"@type\":\"WebPage\",\"@id\":\"https:\\\/\\\/spaholding.eu\\\/en\\\/our-activities\\\/producing-city-development-concepts\\\/\",\"url\":\"https:\\\/\\\/spaholding.eu\\\/en\\\/our-activities\\\/producing-city-development-concepts\\\/\",\"name\":\"Producing city development concepts - SPA Hungary Holding Zrt.\",\"isPartOf\":{\"@id\":\"https:\\\/\\\/spaholding.eu\\\/#website\"},\"datePublished\":\"2016-08-12T08:12:42+00:00\",\"breadcrumb\":{\"@id\":\"https:\\\/\\\/spaholding.eu\\\/en\\\/our-activities\\\/producing-city-development-concepts\\\/#breadcrumb\"},\"inLanguage\":\"en-US\",\"potentialAction\":[{\"@type\":\"ReadAction\",\"target\":[\"https:\\\/\\\/spaholding.eu\\\/en\\\/our-activities\\\/producing-city-development-concepts\\\/\"]}]},{\"@type\":\"BreadcrumbList\",\"@id\":\"https:\\\/\\\/spaholding.eu\\\/en\\\/our-activities\\\/producing-city-development-concepts\\\/#breadcrumb\",\"itemListElement\":[{\"@type\":\"ListItem\",\"position\":1,\"name\":\"Home\",\"item\":\"https:\\\/\\\/spaholding.eu\\\/en\\\/\"},{\"@type\":\"ListItem\",\"position\":2,\"name\":\"Our activities\",\"item\":\"https:\\\/\\\/spaholding.eu\\\/en\\\/our-activities\\\/\"},{\"@type\":\"ListItem\",\"position\":3,\"name\":\"Producing city development concepts\"}]},{\"@type\":\"WebSite\",\"@id\":\"https:\\\/\\\/spaholding.eu\\\/#website\",\"url\":\"https:\\\/\\\/spaholding.eu\\\/\",\"name\":\"SPA Hungary Holding Zrt.\",\"description\":\"\u00c9lm\u00e9nyvil\u00e1g fels\u0151fokon\",\"potentialAction\":[{\"@type\":\"SearchAction\",\"target\":{\"@type\":\"EntryPoint\",\"urlTemplate\":\"https:\\\/\\\/spaholding.eu\\\/?s={search_term_string}\"},\"query-input\":{\"@type\":\"PropertyValueSpecification\",\"valueRequired\":true,\"valueName\":\"search_term_string\"}}],\"inLanguage\":\"en-US\"}]}<\/script>\n<!-- \/ Yoast SEO plugin. -->","yoast_head_json":{"title":"Producing city development concepts - SPA Hungary Holding Zrt.","robots":{"index":"index","follow":"follow","max-snippet":"max-snippet:-1","max-image-preview":"max-image-preview:large","max-video-preview":"max-video-preview:-1"},"canonical":"https:\/\/spaholding.eu\/en\/our-activities\/producing-city-development-concepts\/","og_locale":"en_US","og_type":"article","og_title":"Producing city development concepts - SPA Hungary Holding Zrt.","og_description":"Today beyond the bath and hotel development, we can produce complete tourist-oriented settlement development concepts. During the preparation of medium and long-term development strategies the settlement is not only considered as a project. We look and we see its life, we become the part of it to see the advantages and disadvantages of its operation. [&hellip;]","og_url":"https:\/\/spaholding.eu\/en\/our-activities\/producing-city-development-concepts\/","og_site_name":"SPA Hungary Holding Zrt.","twitter_card":"summary_large_image","twitter_misc":{"Est. reading time":"1 minute"},"schema":{"@context":"https:\/\/schema.org","@graph":[{"@type":"WebPage","@id":"https:\/\/spaholding.eu\/en\/our-activities\/producing-city-development-concepts\/","url":"https:\/\/spaholding.eu\/en\/our-activities\/producing-city-development-concepts\/","name":"Producing city development concepts - SPA Hungary Holding Zrt.","isPartOf":{"@id":"https:\/\/spaholding.eu\/#website"},"datePublished":"2016-08-12T08:12:42+00:00","breadcrumb":{"@id":"https:\/\/spaholding.eu\/en\/our-activities\/producing-city-development-concepts\/#breadcrumb"},"inLanguage":"en-US","potentialAction":[{"@type":"ReadAction","target":["https:\/\/spaholding.eu\/en\/our-activities\/producing-city-development-concepts\/"]}]},{"@type":"BreadcrumbList","@id":"https:\/\/spaholding.eu\/en\/our-activities\/producing-city-development-concepts\/#breadcrumb","itemListElement":[{"@type":"ListItem","position":1,"name":"Home","item":"https:\/\/spaholding.eu\/en\/"},{"@type":"ListItem","position":2,"name":"Our activities","item":"https:\/\/spaholding.eu\/en\/our-activities\/"},{"@type":"ListItem","position":3,"name":"Producing city development concepts"}]},{"@type":"WebSite","@id":"https:\/\/spaholding.eu\/#website","url":"https:\/\/spaholding.eu\/","name":"SPA Hungary Holding Zrt.","description":"\u00c9lm\u00e9nyvil\u00e1g fels\u0151fokon","potentialAction":[{"@type":"SearchAction","target":{"@type":"EntryPoint","urlTemplate":"https:\/\/spaholding.eu\/?s={search_term_string}"},"query-input":{"@type":"PropertyValueSpecification","valueRequired":true,"valueName":"search_term_string"}}],"inLanguage":"en-US"}]}},"_links":{"self":[{"href":"https:\/\/spaholding.eu\/en\/wp-json\/wp\/v2\/pages\/481","targetHints":{"allow":["GET"]}}],"collection":[{"href":"https:\/\/spaholding.eu\/en\/wp-json\/wp\/v2\/pages"}],"about":[{"href":"https:\/\/spaholding.eu\/en\/wp-json\/wp\/v2\/types\/page"}],"author":[{"embeddable":true,"href":"https:\/\/spaholding.eu\/en\/wp-json\/wp\/v2\/users\/1"}],"replies":[{"embeddable":true,"href":"https:\/\/spaholding.eu\/en\/wp-json\/wp\/v2\/comments?post=481"}],"version-history":[{"count":1,"href":"https:\/\/spaholding.eu\/en\/wp-json\/wp\/v2\/pages\/481\/revisions"}],"predecessor-version":[{"id":483,"href":"https:\/\/spaholding.eu\/en\/wp-json\/wp\/v2\/pages\/481\/revisions\/483"}],"up":[{"embeddable":true,"href":"https:\/\/spaholding.eu\/en\/wp-json\/wp\/v2\/pages\/469"}],"wp:attachment":[{"href":"https:\/\/spaholding.eu\/en\/wp-json\/wp\/v2\/media?parent=481"}],"curies":[{"name":"wp","href":"https:\/\/api.w.org\/{rel}","templated":true}]}}