{"id":488,"date":"2016-08-12T08:18:45","date_gmt":"2016-08-12T08:18:45","guid":{"rendered":"https:\/\/spaholding.eu\/en\/?page_id=488"},"modified":"2016-08-12T08:18:45","modified_gmt":"2016-08-12T08:18:45","slug":"facility-operation-management","status":"publish","type":"page","link":"https:\/\/spaholding.eu\/en\/our-activities\/facility-operation-management\/","title":{"rendered":"Facility operation and management"},"content":{"rendered":"<p>Many of our clients choose us to control the realization of projects, or to provide professional management after a complex screening, or to provide problem management services.<\/p>\n<p>We run a close daily control in order to achieve the efficient and cost-effective operation covering all areas of the life of the facility. We organize the new work order, we pay attention to proper selection, training, and appearance of the front staff. We command and control the daily work of the employees. We measure the status of the building and its equipment, and arrange the continuous maintenance of them. By involving our network of professional relations and framework contracts, the procurements get more efficient and cost-effective.  We provide professional supervision for the economic and labour division to have them function in order, and we help their work with experience based assistance. The full knowledge of specific official rules system of the spa sector, helps us to keep contact with professional organizations in preparing and updating the studies and regulations they request. Through the central marketing department of our company group, we support the marketing activities of the baths, and optimize their marketing costs.<\/p>\n","protected":false},"excerpt":{"rendered":"<p>Many of our clients choose us to control the realization of projects, or to provide professional management after a complex screening, or to provide problem management services. We run a close daily control in order to achieve the efficient and cost-effective operation covering all areas of the life of the facility. We organize the new [&hellip;]<\/p>\n","protected":false},"author":1,"featured_media":0,"parent":469,"menu_order":6,"comment_status":"closed","ping_status":"closed","template":"","meta":{"footnotes":""},"class_list":["post-488","page","type-page","status-publish","hentry"],"yoast_head":"<!-- This site is optimized with the Yoast SEO plugin v27.1.1 - https:\/\/yoast.com\/product\/yoast-seo-wordpress\/ -->\n<title>Facility operation and management - SPA Hungary Holding Zrt.<\/title>\n<meta name=\"robots\" content=\"index, follow, max-snippet:-1, max-image-preview:large, max-video-preview:-1\" \/>\n<link rel=\"canonical\" href=\"https:\/\/spaholding.eu\/en\/our-activities\/facility-operation-management\/\" \/>\n<meta property=\"og:locale\" content=\"en_US\" \/>\n<meta property=\"og:type\" content=\"article\" \/>\n<meta property=\"og:title\" content=\"Facility operation and management - SPA Hungary Holding Zrt.\" \/>\n<meta property=\"og:description\" content=\"Many of our clients choose us to control the realization of projects, or to provide professional management after a complex screening, or to provide problem management services. We run a close daily control in order to achieve the efficient and cost-effective operation covering all areas of the life of the facility. We organize the new [&hellip;]\" \/>\n<meta property=\"og:url\" content=\"https:\/\/spaholding.eu\/en\/our-activities\/facility-operation-management\/\" \/>\n<meta property=\"og:site_name\" content=\"SPA Hungary Holding Zrt.\" \/>\n<meta name=\"twitter:card\" content=\"summary_large_image\" \/>\n<meta name=\"twitter:label1\" content=\"Est. reading time\" \/>\n\t<meta name=\"twitter:data1\" content=\"1 minute\" \/>\n<script type=\"application\/ld+json\" class=\"yoast-schema-graph\">{\"@context\":\"https:\/\/schema.org\",\"@graph\":[{\"@type\":\"WebPage\",\"@id\":\"https:\/\/spaholding.eu\/en\/our-activities\/facility-operation-management\/\",\"url\":\"https:\/\/spaholding.eu\/en\/our-activities\/facility-operation-management\/\",\"name\":\"Facility operation and management - SPA Hungary Holding Zrt.\",\"isPartOf\":{\"@id\":\"https:\/\/spaholding.eu\/#website\"},\"datePublished\":\"2016-08-12T08:18:45+00:00\",\"breadcrumb\":{\"@id\":\"https:\/\/spaholding.eu\/en\/our-activities\/facility-operation-management\/#breadcrumb\"},\"inLanguage\":\"en-US\",\"potentialAction\":[{\"@type\":\"ReadAction\",\"target\":[\"https:\/\/spaholding.eu\/en\/our-activities\/facility-operation-management\/\"]}]},{\"@type\":\"BreadcrumbList\",\"@id\":\"https:\/\/spaholding.eu\/en\/our-activities\/facility-operation-management\/#breadcrumb\",\"itemListElement\":[{\"@type\":\"ListItem\",\"position\":1,\"name\":\"Home\",\"item\":\"https:\/\/spaholding.eu\/en\/\"},{\"@type\":\"ListItem\",\"position\":2,\"name\":\"Our activities\",\"item\":\"https:\/\/spaholding.eu\/en\/our-activities\/\"},{\"@type\":\"ListItem\",\"position\":3,\"name\":\"Facility operation and management\"}]},{\"@type\":\"WebSite\",\"@id\":\"https:\/\/spaholding.eu\/#website\",\"url\":\"https:\/\/spaholding.eu\/\",\"name\":\"SPA Hungary Holding Zrt.\",\"description\":\"\u00c9lm\u00e9nyvil\u00e1g fels\u0151fokon\",\"potentialAction\":[{\"@type\":\"SearchAction\",\"target\":{\"@type\":\"EntryPoint\",\"urlTemplate\":\"https:\/\/spaholding.eu\/?s={search_term_string}\"},\"query-input\":{\"@type\":\"PropertyValueSpecification\",\"valueRequired\":true,\"valueName\":\"search_term_string\"}}],\"inLanguage\":\"en-US\"}]}<\/script>\n<!-- \/ Yoast SEO plugin. -->","yoast_head_json":{"title":"Facility operation and management - SPA Hungary Holding Zrt.","robots":{"index":"index","follow":"follow","max-snippet":"max-snippet:-1","max-image-preview":"max-image-preview:large","max-video-preview":"max-video-preview:-1"},"canonical":"https:\/\/spaholding.eu\/en\/our-activities\/facility-operation-management\/","og_locale":"en_US","og_type":"article","og_title":"Facility operation and management - SPA Hungary Holding Zrt.","og_description":"Many of our clients choose us to control the realization of projects, or to provide professional management after a complex screening, or to provide problem management services. We run a close daily control in order to achieve the efficient and cost-effective operation covering all areas of the life of the facility. We organize the new [&hellip;]","og_url":"https:\/\/spaholding.eu\/en\/our-activities\/facility-operation-management\/","og_site_name":"SPA Hungary Holding Zrt.","twitter_card":"summary_large_image","twitter_misc":{"Est. reading time":"1 minute"},"schema":{"@context":"https:\/\/schema.org","@graph":[{"@type":"WebPage","@id":"https:\/\/spaholding.eu\/en\/our-activities\/facility-operation-management\/","url":"https:\/\/spaholding.eu\/en\/our-activities\/facility-operation-management\/","name":"Facility operation and management - SPA Hungary Holding Zrt.","isPartOf":{"@id":"https:\/\/spaholding.eu\/#website"},"datePublished":"2016-08-12T08:18:45+00:00","breadcrumb":{"@id":"https:\/\/spaholding.eu\/en\/our-activities\/facility-operation-management\/#breadcrumb"},"inLanguage":"en-US","potentialAction":[{"@type":"ReadAction","target":["https:\/\/spaholding.eu\/en\/our-activities\/facility-operation-management\/"]}]},{"@type":"BreadcrumbList","@id":"https:\/\/spaholding.eu\/en\/our-activities\/facility-operation-management\/#breadcrumb","itemListElement":[{"@type":"ListItem","position":1,"name":"Home","item":"https:\/\/spaholding.eu\/en\/"},{"@type":"ListItem","position":2,"name":"Our activities","item":"https:\/\/spaholding.eu\/en\/our-activities\/"},{"@type":"ListItem","position":3,"name":"Facility operation and management"}]},{"@type":"WebSite","@id":"https:\/\/spaholding.eu\/#website","url":"https:\/\/spaholding.eu\/","name":"SPA Hungary Holding Zrt.","description":"\u00c9lm\u00e9nyvil\u00e1g fels\u0151fokon","potentialAction":[{"@type":"SearchAction","target":{"@type":"EntryPoint","urlTemplate":"https:\/\/spaholding.eu\/?s={search_term_string}"},"query-input":{"@type":"PropertyValueSpecification","valueRequired":true,"valueName":"search_term_string"}}],"inLanguage":"en-US"}]}},"_links":{"self":[{"href":"https:\/\/spaholding.eu\/en\/wp-json\/wp\/v2\/pages\/488","targetHints":{"allow":["GET"]}}],"collection":[{"href":"https:\/\/spaholding.eu\/en\/wp-json\/wp\/v2\/pages"}],"about":[{"href":"https:\/\/spaholding.eu\/en\/wp-json\/wp\/v2\/types\/page"}],"author":[{"embeddable":true,"href":"https:\/\/spaholding.eu\/en\/wp-json\/wp\/v2\/users\/1"}],"replies":[{"embeddable":true,"href":"https:\/\/spaholding.eu\/en\/wp-json\/wp\/v2\/comments?post=488"}],"version-history":[{"count":1,"href":"https:\/\/spaholding.eu\/en\/wp-json\/wp\/v2\/pages\/488\/revisions"}],"predecessor-version":[{"id":489,"href":"https:\/\/spaholding.eu\/en\/wp-json\/wp\/v2\/pages\/488\/revisions\/489"}],"up":[{"embeddable":true,"href":"https:\/\/spaholding.eu\/en\/wp-json\/wp\/v2\/pages\/469"}],"wp:attachment":[{"href":"https:\/\/spaholding.eu\/en\/wp-json\/wp\/v2\/media?parent=488"}],"curies":[{"name":"wp","href":"https:\/\/api.w.org\/{rel}","templated":true}]}}