{"id":491,"date":"2016-08-12T08:20:41","date_gmt":"2016-08-12T08:20:41","guid":{"rendered":"https:\/\/spaholding.eu\/en\/?page_id=491"},"modified":"2016-08-12T08:20:41","modified_gmt":"2016-08-12T08:20:41","slug":"tendering","status":"publish","type":"page","link":"https:\/\/spaholding.eu\/en\/our-activities\/tendering\/","title":{"rendered":"Tendering"},"content":{"rendered":"<p>We provide safe hands for our clients during the course of the tendering, and during the information and data collection and sorting. Our project management includes the preparation of the professional documents included in the application requirements -Business plan, financial plan, feasibility study, etc &#8230;-. Beyond the preparation of the complete tender documentation and its successful submission, we remain the partner of our clients after the conclusion of the contract, if needed. Our company does the tender after-care, monitoring, until the completion of the project. In addition, after the implementation of the project, we are also available to develop communication and marketing strategy for our clients, in order to introduce the new facility to the market such a way that brings success to it.<\/p>\n","protected":false},"excerpt":{"rendered":"<p>We provide safe hands for our clients during the course of the tendering, and during the information and data collection and sorting. Our project management includes the preparation of the professional documents included in the application requirements -Business plan, financial plan, feasibility study, etc &#8230;-. Beyond the preparation of the complete tender documentation and its [&hellip;]<\/p>\n","protected":false},"author":1,"featured_media":0,"parent":469,"menu_order":7,"comment_status":"closed","ping_status":"closed","template":"","meta":{"footnotes":""},"class_list":["post-491","page","type-page","status-publish","hentry"],"yoast_head":"<!-- This site is optimized with the Yoast SEO plugin v27.1.1 - https:\/\/yoast.com\/product\/yoast-seo-wordpress\/ -->\n<title>Tendering - SPA Hungary Holding Zrt.<\/title>\n<meta name=\"robots\" content=\"index, follow, max-snippet:-1, max-image-preview:large, max-video-preview:-1\" \/>\n<link rel=\"canonical\" href=\"https:\/\/spaholding.eu\/en\/our-activities\/tendering\/\" \/>\n<meta property=\"og:locale\" content=\"en_US\" \/>\n<meta property=\"og:type\" content=\"article\" \/>\n<meta property=\"og:title\" content=\"Tendering - SPA Hungary Holding Zrt.\" \/>\n<meta property=\"og:description\" content=\"We provide safe hands for our clients during the course of the tendering, and during the information and data collection and sorting. Our project management includes the preparation of the professional documents included in the application requirements -Business plan, financial plan, feasibility study, etc &#8230;-. Beyond the preparation of the complete tender documentation and its [&hellip;]\" \/>\n<meta property=\"og:url\" content=\"https:\/\/spaholding.eu\/en\/our-activities\/tendering\/\" \/>\n<meta property=\"og:site_name\" content=\"SPA Hungary Holding Zrt.\" \/>\n<meta name=\"twitter:card\" content=\"summary_large_image\" \/>\n<meta name=\"twitter:label1\" content=\"Est. reading time\" \/>\n\t<meta name=\"twitter:data1\" content=\"1 minute\" \/>\n<script type=\"application\/ld+json\" class=\"yoast-schema-graph\">{\"@context\":\"https:\/\/schema.org\",\"@graph\":[{\"@type\":\"WebPage\",\"@id\":\"https:\/\/spaholding.eu\/en\/our-activities\/tendering\/\",\"url\":\"https:\/\/spaholding.eu\/en\/our-activities\/tendering\/\",\"name\":\"Tendering - SPA Hungary Holding Zrt.\",\"isPartOf\":{\"@id\":\"https:\/\/spaholding.eu\/#website\"},\"datePublished\":\"2016-08-12T08:20:41+00:00\",\"breadcrumb\":{\"@id\":\"https:\/\/spaholding.eu\/en\/our-activities\/tendering\/#breadcrumb\"},\"inLanguage\":\"en-US\",\"potentialAction\":[{\"@type\":\"ReadAction\",\"target\":[\"https:\/\/spaholding.eu\/en\/our-activities\/tendering\/\"]}]},{\"@type\":\"BreadcrumbList\",\"@id\":\"https:\/\/spaholding.eu\/en\/our-activities\/tendering\/#breadcrumb\",\"itemListElement\":[{\"@type\":\"ListItem\",\"position\":1,\"name\":\"Home\",\"item\":\"https:\/\/spaholding.eu\/en\/\"},{\"@type\":\"ListItem\",\"position\":2,\"name\":\"Our activities\",\"item\":\"https:\/\/spaholding.eu\/en\/our-activities\/\"},{\"@type\":\"ListItem\",\"position\":3,\"name\":\"Tendering\"}]},{\"@type\":\"WebSite\",\"@id\":\"https:\/\/spaholding.eu\/#website\",\"url\":\"https:\/\/spaholding.eu\/\",\"name\":\"SPA Hungary Holding Zrt.\",\"description\":\"\u00c9lm\u00e9nyvil\u00e1g fels\u0151fokon\",\"potentialAction\":[{\"@type\":\"SearchAction\",\"target\":{\"@type\":\"EntryPoint\",\"urlTemplate\":\"https:\/\/spaholding.eu\/?s={search_term_string}\"},\"query-input\":{\"@type\":\"PropertyValueSpecification\",\"valueRequired\":true,\"valueName\":\"search_term_string\"}}],\"inLanguage\":\"en-US\"}]}<\/script>\n<!-- \/ Yoast SEO plugin. -->","yoast_head_json":{"title":"Tendering - SPA Hungary Holding Zrt.","robots":{"index":"index","follow":"follow","max-snippet":"max-snippet:-1","max-image-preview":"max-image-preview:large","max-video-preview":"max-video-preview:-1"},"canonical":"https:\/\/spaholding.eu\/en\/our-activities\/tendering\/","og_locale":"en_US","og_type":"article","og_title":"Tendering - SPA Hungary Holding Zrt.","og_description":"We provide safe hands for our clients during the course of the tendering, and during the information and data collection and sorting. Our project management includes the preparation of the professional documents included in the application requirements -Business plan, financial plan, feasibility study, etc &#8230;-. Beyond the preparation of the complete tender documentation and its [&hellip;]","og_url":"https:\/\/spaholding.eu\/en\/our-activities\/tendering\/","og_site_name":"SPA Hungary Holding Zrt.","twitter_card":"summary_large_image","twitter_misc":{"Est. reading time":"1 minute"},"schema":{"@context":"https:\/\/schema.org","@graph":[{"@type":"WebPage","@id":"https:\/\/spaholding.eu\/en\/our-activities\/tendering\/","url":"https:\/\/spaholding.eu\/en\/our-activities\/tendering\/","name":"Tendering - SPA Hungary Holding Zrt.","isPartOf":{"@id":"https:\/\/spaholding.eu\/#website"},"datePublished":"2016-08-12T08:20:41+00:00","breadcrumb":{"@id":"https:\/\/spaholding.eu\/en\/our-activities\/tendering\/#breadcrumb"},"inLanguage":"en-US","potentialAction":[{"@type":"ReadAction","target":["https:\/\/spaholding.eu\/en\/our-activities\/tendering\/"]}]},{"@type":"BreadcrumbList","@id":"https:\/\/spaholding.eu\/en\/our-activities\/tendering\/#breadcrumb","itemListElement":[{"@type":"ListItem","position":1,"name":"Home","item":"https:\/\/spaholding.eu\/en\/"},{"@type":"ListItem","position":2,"name":"Our activities","item":"https:\/\/spaholding.eu\/en\/our-activities\/"},{"@type":"ListItem","position":3,"name":"Tendering"}]},{"@type":"WebSite","@id":"https:\/\/spaholding.eu\/#website","url":"https:\/\/spaholding.eu\/","name":"SPA Hungary Holding Zrt.","description":"\u00c9lm\u00e9nyvil\u00e1g fels\u0151fokon","potentialAction":[{"@type":"SearchAction","target":{"@type":"EntryPoint","urlTemplate":"https:\/\/spaholding.eu\/?s={search_term_string}"},"query-input":{"@type":"PropertyValueSpecification","valueRequired":true,"valueName":"search_term_string"}}],"inLanguage":"en-US"}]}},"_links":{"self":[{"href":"https:\/\/spaholding.eu\/en\/wp-json\/wp\/v2\/pages\/491","targetHints":{"allow":["GET"]}}],"collection":[{"href":"https:\/\/spaholding.eu\/en\/wp-json\/wp\/v2\/pages"}],"about":[{"href":"https:\/\/spaholding.eu\/en\/wp-json\/wp\/v2\/types\/page"}],"author":[{"embeddable":true,"href":"https:\/\/spaholding.eu\/en\/wp-json\/wp\/v2\/users\/1"}],"replies":[{"embeddable":true,"href":"https:\/\/spaholding.eu\/en\/wp-json\/wp\/v2\/comments?post=491"}],"version-history":[{"count":1,"href":"https:\/\/spaholding.eu\/en\/wp-json\/wp\/v2\/pages\/491\/revisions"}],"predecessor-version":[{"id":492,"href":"https:\/\/spaholding.eu\/en\/wp-json\/wp\/v2\/pages\/491\/revisions\/492"}],"up":[{"embeddable":true,"href":"https:\/\/spaholding.eu\/en\/wp-json\/wp\/v2\/pages\/469"}],"wp:attachment":[{"href":"https:\/\/spaholding.eu\/en\/wp-json\/wp\/v2\/media?parent=491"}],"curies":[{"name":"wp","href":"https:\/\/api.w.org\/{rel}","templated":true}]}}