{"id":494,"date":"2016-08-12T08:29:46","date_gmt":"2016-08-12T08:29:46","guid":{"rendered":"https:\/\/spaholding.eu\/en\/?page_id=494"},"modified":"2017-11-21T13:56:22","modified_gmt":"2017-11-21T13:56:22","slug":"reference","status":"publish","type":"page","link":"https:\/\/spaholding.eu\/en\/reference\/","title":{"rendered":"Reference"},"content":{"rendered":"<p>Spa developments, projects and references realized by the activities of Kovacsics Imre \u2013 the Spa Hungary Holding Ltd. and other companies he controlled:<\/p>\n<p><img loading=\"lazy\" decoding=\"async\" class=\"alignnone size-full wp-image-180\" src=\"\/wp-content\/uploads\/2016\/06\/SPA_terkep.jpg\" alt=\"terkep\" width=\"960\" height=\"639\" \/><\/p>\n<table class=\"referenciatabla\">\n<tbody>\n<tr>\n<td class=\"nev\">Gyomaendr\u0151d Liget Beach Ltd.<\/td>\n<td>\n<ul>\n<li>chief engineer tasks<\/li>\n<\/ul>\n<\/td>\n<\/tr>\n<tr>\n<td class=\"nev\">Komarno (Slovakia) city administration<\/td>\n<td>\n<ul>\n<li>revitalization plan of\u00a0 Komarno thermal bath<\/li>\n<\/ul>\n<\/td>\n<\/tr>\n<tr>\n<td class=\"nev\">Cseri Beach and Experience Bath Ltd. (Tatab\u00e1nya)<\/td>\n<td>\n<ul>\n<li>Cseri Beach and Experience Bath Ltd. (Tatab\u00e1nya)<\/li>\n<li>\u00a0adventure pool investment project management<\/li>\n<li>introduction of a quality management system professional management<\/li>\n<\/ul>\n<\/td>\n<\/tr>\n<tr>\n<td class=\"nev\">Gyula Castle Spa Ltd.<\/td>\n<td>\n<ul>\n<li>professional management<\/li>\n<li>development planning and coordination<\/li>\n<\/ul>\n<\/td>\n<\/tr>\n<tr>\n<td class=\"nev\">H\u00e9v\u00edz Spa and Szent Andr\u00e1s Rheumatism Hospital Public Company<\/td>\n<td>\n<ul>\n<li>complex technical screening<\/li>\n<li>development of the bath\u2019s and the hospital&#8217;s new professional concept<\/li>\n<li>technical support<\/li>\n<li>marketing and PR consultancy<\/li>\n<\/ul>\n<\/td>\n<\/tr>\n<tr>\n<td class=\"nev\">Mak\u00f3 Thermal Bath Ltd.<\/td>\n<td>\n<ul>\n<li>operator consultancy<\/li>\n<li>professional management of the development project<\/li>\n<\/ul>\n<\/td>\n<\/tr>\n<tr>\n<td class=\"nev\">Gotth\u00e1rd-Therm Ltd. (Szentgotth\u00e1rd)<\/td>\n<td>\n<ul>\n<li>complex technical screening<\/li>\n<\/ul>\n<\/td>\n<\/tr>\n<tr>\n<td class=\"nev\">S\u00f3st\u00f3-SPA Ltd. (Ny\u00edregyh\u00e1za)<\/td>\n<td>\n<ul>\n<li>technical consultancy<\/li>\n<li>producing the professional concept of the thermal bath\u2019s complex, &#8211; health and adventure tourism<\/li>\n<\/ul>\n<\/td>\n<\/tr>\n<tr>\n<td class=\"nev\">Szentes Resort Ltd.<\/td>\n<td>\n<ul>\n<li>complex technical screening<\/li>\n<\/ul>\n<\/td>\n<\/tr>\n<tr>\n<td class=\"nev\">F\u00f6rh\u00e9cz \u201eI\u201d Ltd.\u00a0 (Sz\u00e9kesfeh\u00e9rv\u00e1r, \u00c1rp\u00e1d Bath)<\/td>\n<td>\n<ul>\n<li>professional management of historic bath reconstruction<br \/>\ndevelopment of the concept of operation<\/li>\n<\/ul>\n<\/td>\n<\/tr>\n<tr>\n<td class=\"nev\">Balmaz\u00fajv\u00e1ros City Management Ltd.<\/td>\n<td>\n<ul>\n<li>consultancy<\/li>\n<li>professional management of development project<\/li>\n<\/ul>\n<\/td>\n<\/tr>\n<tr>\n<td class=\"nev\">Medical- and Experience Bath Nonprofit Ltd.<\/td>\n<td>\n<ul>\n<li>strategy and development consultancy<\/li>\n<li>development of the professional spa management<\/li>\n<\/ul>\n<\/td>\n<\/tr>\n<tr>\n<td class=\"nev\">Miskolc Municipality<\/td>\n<td>\n<ul>\n<li>1. Development schedule: conducting of Miskolctapolca lido total investment to produce a licensed<\/li>\n<li>plan for the 2. development schedule<\/li>\n<\/ul>\n<\/td>\n<\/tr>\n<tr>\n<td class=\"nev\">Veresegyh\u00e1z City Development Ltd.<\/td>\n<td>\n<ul>\n<li>professional consultancy during the development of Veresegyh\u00e1za thermal bath and spa<\/li>\n<li>participation in the preparation of preliminary architectural plans<\/li>\n<\/ul>\n<\/td>\n<\/tr>\n<tr>\n<td class=\"nev\">R\u00e1calm\u00e1s Council<\/td>\n<td>\n<ul>\n<li>\u00a0Development of spa development strategy, preparation of spa concept<\/li>\n<\/ul>\n<\/td>\n<\/tr>\n<tr>\n<td class=\"nev\">Market Construction Ltd.<br \/>\n(Budapest)<\/td>\n<td>\n<ul>\n<li>Expert collaboration during the design of the sauna and fitness world of Dag\u00e1ly Swim Complex<\/li>\n<li>preparing a study on the future development of Dag\u00e1ly Beach<\/li>\n<\/ul>\n<\/td>\n<\/tr>\n<\/tbody>\n<\/table>\n","protected":false},"excerpt":{"rendered":"<p>Spa developments, projects and references realized by the activities of Kovacsics Imre \u2013 the Spa Hungary Holding Ltd. and other companies he controlled: Gyomaendr\u0151d Liget Beach Ltd. chief engineer tasks Komarno (Slovakia) city administration revitalization plan of\u00a0 Komarno thermal bath Cseri Beach and Experience Bath Ltd. (Tatab\u00e1nya) Cseri Beach and Experience Bath Ltd. (Tatab\u00e1nya) \u00a0adventure [&hellip;]<\/p>\n","protected":false},"author":1,"featured_media":0,"parent":0,"menu_order":0,"comment_status":"closed","ping_status":"closed","template":"","meta":{"footnotes":""},"class_list":["post-494","page","type-page","status-publish","hentry"],"yoast_head":"<!-- This site is optimized with the Yoast SEO plugin v27.1.1 - https:\/\/yoast.com\/product\/yoast-seo-wordpress\/ -->\n<title>Reference - SPA Hungary Holding Zrt.<\/title>\n<meta name=\"robots\" content=\"index, follow, max-snippet:-1, max-image-preview:large, max-video-preview:-1\" \/>\n<link rel=\"canonical\" href=\"https:\/\/spaholding.eu\/en\/reference\/\" \/>\n<meta property=\"og:locale\" content=\"en_US\" \/>\n<meta property=\"og:type\" content=\"article\" \/>\n<meta property=\"og:title\" content=\"Reference - SPA Hungary Holding Zrt.\" \/>\n<meta property=\"og:description\" content=\"Spa developments, projects and references realized by the activities of Kovacsics Imre \u2013 the Spa Hungary Holding Ltd. and other companies he controlled: Gyomaendr\u0151d Liget Beach Ltd. chief engineer tasks Komarno (Slovakia) city administration revitalization plan of\u00a0 Komarno thermal bath Cseri Beach and Experience Bath Ltd. (Tatab\u00e1nya) Cseri Beach and Experience Bath Ltd. (Tatab\u00e1nya) \u00a0adventure [&hellip;]\" \/>\n<meta property=\"og:url\" content=\"https:\/\/spaholding.eu\/en\/reference\/\" \/>\n<meta property=\"og:site_name\" content=\"SPA Hungary Holding Zrt.\" \/>\n<meta property=\"article:modified_time\" content=\"2017-11-21T13:56:22+00:00\" \/>\n<meta property=\"og:image\" content=\"https:\/\/spaholding.eu\/wp-content\/uploads\/2016\/06\/SPA_terkep.jpg\" \/>\n<meta name=\"twitter:card\" content=\"summary_large_image\" \/>\n<meta name=\"twitter:label1\" content=\"Est. reading time\" \/>\n\t<meta name=\"twitter:data1\" content=\"2 minutes\" \/>\n<script type=\"application\/ld+json\" class=\"yoast-schema-graph\">{\"@context\":\"https:\/\/schema.org\",\"@graph\":[{\"@type\":\"WebPage\",\"@id\":\"https:\/\/spaholding.eu\/en\/reference\/\",\"url\":\"https:\/\/spaholding.eu\/en\/reference\/\",\"name\":\"Reference - SPA Hungary Holding Zrt.\",\"isPartOf\":{\"@id\":\"https:\/\/spaholding.eu\/#website\"},\"datePublished\":\"2016-08-12T08:29:46+00:00\",\"dateModified\":\"2017-11-21T13:56:22+00:00\",\"breadcrumb\":{\"@id\":\"https:\/\/spaholding.eu\/en\/reference\/#breadcrumb\"},\"inLanguage\":\"en-US\",\"potentialAction\":[{\"@type\":\"ReadAction\",\"target\":[\"https:\/\/spaholding.eu\/en\/reference\/\"]}]},{\"@type\":\"BreadcrumbList\",\"@id\":\"https:\/\/spaholding.eu\/en\/reference\/#breadcrumb\",\"itemListElement\":[{\"@type\":\"ListItem\",\"position\":1,\"name\":\"Home\",\"item\":\"https:\/\/spaholding.eu\/en\/\"},{\"@type\":\"ListItem\",\"position\":2,\"name\":\"Reference\"}]},{\"@type\":\"WebSite\",\"@id\":\"https:\/\/spaholding.eu\/#website\",\"url\":\"https:\/\/spaholding.eu\/\",\"name\":\"SPA Hungary Holding Zrt.\",\"description\":\"\u00c9lm\u00e9nyvil\u00e1g fels\u0151fokon\",\"potentialAction\":[{\"@type\":\"SearchAction\",\"target\":{\"@type\":\"EntryPoint\",\"urlTemplate\":\"https:\/\/spaholding.eu\/?s={search_term_string}\"},\"query-input\":{\"@type\":\"PropertyValueSpecification\",\"valueRequired\":true,\"valueName\":\"search_term_string\"}}],\"inLanguage\":\"en-US\"}]}<\/script>\n<!-- \/ Yoast SEO plugin. -->","yoast_head_json":{"title":"Reference - SPA Hungary Holding Zrt.","robots":{"index":"index","follow":"follow","max-snippet":"max-snippet:-1","max-image-preview":"max-image-preview:large","max-video-preview":"max-video-preview:-1"},"canonical":"https:\/\/spaholding.eu\/en\/reference\/","og_locale":"en_US","og_type":"article","og_title":"Reference - SPA Hungary Holding Zrt.","og_description":"Spa developments, projects and references realized by the activities of Kovacsics Imre \u2013 the Spa Hungary Holding Ltd. and other companies he controlled: Gyomaendr\u0151d Liget Beach Ltd. chief engineer tasks Komarno (Slovakia) city administration revitalization plan of\u00a0 Komarno thermal bath Cseri Beach and Experience Bath Ltd. (Tatab\u00e1nya) Cseri Beach and Experience Bath Ltd. (Tatab\u00e1nya) \u00a0adventure [&hellip;]","og_url":"https:\/\/spaholding.eu\/en\/reference\/","og_site_name":"SPA Hungary Holding Zrt.","article_modified_time":"2017-11-21T13:56:22+00:00","og_image":[{"url":"https:\/\/spaholding.eu\/wp-content\/uploads\/2016\/06\/SPA_terkep.jpg","type":"","width":"","height":""}],"twitter_card":"summary_large_image","twitter_misc":{"Est. reading time":"2 minutes"},"schema":{"@context":"https:\/\/schema.org","@graph":[{"@type":"WebPage","@id":"https:\/\/spaholding.eu\/en\/reference\/","url":"https:\/\/spaholding.eu\/en\/reference\/","name":"Reference - SPA Hungary Holding Zrt.","isPartOf":{"@id":"https:\/\/spaholding.eu\/#website"},"datePublished":"2016-08-12T08:29:46+00:00","dateModified":"2017-11-21T13:56:22+00:00","breadcrumb":{"@id":"https:\/\/spaholding.eu\/en\/reference\/#breadcrumb"},"inLanguage":"en-US","potentialAction":[{"@type":"ReadAction","target":["https:\/\/spaholding.eu\/en\/reference\/"]}]},{"@type":"BreadcrumbList","@id":"https:\/\/spaholding.eu\/en\/reference\/#breadcrumb","itemListElement":[{"@type":"ListItem","position":1,"name":"Home","item":"https:\/\/spaholding.eu\/en\/"},{"@type":"ListItem","position":2,"name":"Reference"}]},{"@type":"WebSite","@id":"https:\/\/spaholding.eu\/#website","url":"https:\/\/spaholding.eu\/","name":"SPA Hungary Holding Zrt.","description":"\u00c9lm\u00e9nyvil\u00e1g fels\u0151fokon","potentialAction":[{"@type":"SearchAction","target":{"@type":"EntryPoint","urlTemplate":"https:\/\/spaholding.eu\/?s={search_term_string}"},"query-input":{"@type":"PropertyValueSpecification","valueRequired":true,"valueName":"search_term_string"}}],"inLanguage":"en-US"}]}},"_links":{"self":[{"href":"https:\/\/spaholding.eu\/en\/wp-json\/wp\/v2\/pages\/494","targetHints":{"allow":["GET"]}}],"collection":[{"href":"https:\/\/spaholding.eu\/en\/wp-json\/wp\/v2\/pages"}],"about":[{"href":"https:\/\/spaholding.eu\/en\/wp-json\/wp\/v2\/types\/page"}],"author":[{"embeddable":true,"href":"https:\/\/spaholding.eu\/en\/wp-json\/wp\/v2\/users\/1"}],"replies":[{"embeddable":true,"href":"https:\/\/spaholding.eu\/en\/wp-json\/wp\/v2\/comments?post=494"}],"version-history":[{"count":10,"href":"https:\/\/spaholding.eu\/en\/wp-json\/wp\/v2\/pages\/494\/revisions"}],"predecessor-version":[{"id":512,"href":"https:\/\/spaholding.eu\/en\/wp-json\/wp\/v2\/pages\/494\/revisions\/512"}],"wp:attachment":[{"href":"https:\/\/spaholding.eu\/en\/wp-json\/wp\/v2\/media?parent=494"}],"curies":[{"name":"wp","href":"https:\/\/api.w.org\/{rel}","templated":true}]}}